{"id":403,"date":"2019-06-06T23:05:03","date_gmt":"2019-06-06T21:05:03","guid":{"rendered":"http:\/\/www.asso-unil.ch\/bigband\/?page_id=403"},"modified":"2025-06-28T18:20:27","modified_gmt":"2025-06-28T16:20:27","slug":"accueil","status":"publish","type":"page","link":"https:\/\/www.asso-unil.ch\/bigband\/","title":{"rendered":"Qui sommes-nous?"},"content":{"rendered":"<p>Le Big Band de Dorigny (BBD) est un orchestre n\u00e9 \u00e0 l&rsquo;automne 2018 du d\u00e9sir de quelques membres de la communaut\u00e9 universitaire lausannoise de voir un orchestre de swing jazz venir enrichir, sur le campus, une offre musicale jusque l\u00e0 centr\u00e9e sur la musique classique.<\/p>\n<p>Il est compos\u00e9 de musiciens confirm\u00e9s &#8211; cinq saxophones, quatre trombones, quatre trompettes et une section rythmique &#8211; et son r\u00e9pertoire, qui s&rsquo;enrichit de jour en jour, est aussi festif et dansant que sophistiqu\u00e9.<\/p>\n<p align=\"justify\">Un des principaux objectifs de notre Big Band est de nous produire sur le campus de l&rsquo;Unil aussi bien par des animations ponctuelles lors de divers \u00e9v\u00e9nements (remise de dipl\u00f4mes, rencontre d&rsquo;\u00e9t\u00e9 du personnel, <em>dies academicus<\/em> etc.) que par l&rsquo;organisation de bals r\u00e9guliers sur le campus. Nous avons ainsi d\u00e9j\u00e0 pu cr\u00e9er des synergies avec d&rsquo;autres associations du campus, et des liens \u00e9troits se sont tiss\u00e9s avec le cours de danse swing donn\u00e9 dans le cadre du centre sportif.<\/p>\n<p align=\"justify\">L&rsquo;association Big Band de Dorigny, qui chapeaute l&rsquo;orchestre, a \u00e9t\u00e9 reconnue association universitaire par la Direction de l&rsquo;Unil.<\/p>\n","protected":false},"excerpt":{"rendered":"<p>Le Big Band de Dorigny (BBD) est un orchestre n\u00e9 \u00e0 l&rsquo;automne 2018 du d\u00e9sir de quelques membres de la communaut\u00e9 universitaire lausannoise de voir un orchestre de swing jazz &hellip; <\/p>\n","protected":false},"author":1001160,"featured_media":0,"parent":0,"menu_order":0,"comment_status":"closed","ping_status":"closed","template":"","meta":{"_seopress_robots_primary_cat":"","_seopress_titles_title":"","_seopress_titles_desc":"","_seopress_robots_index":"","_EventAllDay":false,"_EventTimezone":"","_EventStartDate":"","_EventEndDate":"","_EventStartDateUTC":"","_EventEndDateUTC":"","_EventShowMap":false,"_EventShowMapLink":false,"_EventURL":"","_EventCost":"","_EventCostDescription":"","_EventCurrencySymbol":"","_EventCurrencyCode":"","_EventCurrencyPosition":"","_EventDateTimeSeparator":"","_EventTimeRangeSeparator":"","_EventOrganizerID":[],"_EventVenueID":[0],"_OrganizerEmail":"","_OrganizerPhone":"","_OrganizerWebsite":"","_VenueAddress":"","_VenueCity":"","_VenueCountry":"","_VenueProvince":"","_VenueState":"","_VenueZip":"","_VenuePhone":"","_VenueURL":"","_VenueStateProvince":"","_VenueLat":"","_VenueLng":"","_VenueShowMap":false,"_VenueShowMapLink":false,"footnotes":""},"class_list":["post-403","page","type-page","status-publish"],"publishpress_future_action":{"enabled":false,"date":"2026-04-27 06:37:25","action":"change-status","newStatus":"draft","terms":[],"taxonomy":"","extraData":[]},"publishpress_future_workflow_manual_trigger":{"enabledWorkflows":[]},"_links":{"self":[{"href":"https:\/\/www.asso-unil.ch\/bigband\/wp-json\/wp\/v2\/pages\/403","targetHints":{"allow":["GET"]}}],"collection":[{"href":"https:\/\/www.asso-unil.ch\/bigband\/wp-json\/wp\/v2\/pages"}],"about":[{"href":"https:\/\/www.asso-unil.ch\/bigband\/wp-json\/wp\/v2\/types\/page"}],"author":[{"embeddable":true,"href":"https:\/\/www.asso-unil.ch\/bigband\/wp-json\/wp\/v2\/users\/1001160"}],"replies":[{"embeddable":true,"href":"https:\/\/www.asso-unil.ch\/bigband\/wp-json\/wp\/v2\/comments?post=403"}],"version-history":[{"count":1,"href":"https:\/\/www.asso-unil.ch\/bigband\/wp-json\/wp\/v2\/pages\/403\/revisions"}],"predecessor-version":[{"id":3453,"href":"https:\/\/www.asso-unil.ch\/bigband\/wp-json\/wp\/v2\/pages\/403\/revisions\/3453"}],"wp:attachment":[{"href":"https:\/\/www.asso-unil.ch\/bigband\/wp-json\/wp\/v2\/media?parent=403"}],"curies":[{"name":"wp","href":"https:\/\/api.w.org\/{rel}","templated":true}]}}