{"id":2125,"date":"2020-01-15T04:08:42","date_gmt":"2020-01-15T03:08:42","guid":{"rendered":"http:\/\/www.asso-unil.ch\/bigband\/?page_id=2125"},"modified":"2020-01-15T21:18:27","modified_gmt":"2020-01-15T20:18:27","slug":"liens","status":"publish","type":"page","link":"https:\/\/www.asso-unil.ch\/bigband\/liens\/","title":{"rendered":"Liens"},"content":{"rendered":"<p>Nous sommes une association reconnue par l&rsquo;<a href=\"https:\/\/www.unil.ch\"><strong>Universit\u00e9 de Lausanne<\/strong><\/a>.<\/p>\n<p>Par ailleurs, nous avons d\u00e9velopp\u00e9 une s\u00e9rie de <strong>collaborations<\/strong> \u00e0 Lausanne:<\/p>\n<ul>\n<li>La <a href=\"https:\/\/maisondequartiersousgare.ch\/\">Maison de quartier sous-gare<\/a><\/li>\n<li>L&rsquo;association <a href=\"https:\/\/www.swingtimelausanne.ch\">Swingtime<\/a><\/li>\n<\/ul>\n","protected":false},"excerpt":{"rendered":"<p>Nous sommes une association reconnue par l&rsquo;Universit\u00e9 de Lausanne. Par ailleurs, nous avons d\u00e9velopp\u00e9 une s\u00e9rie de collaborations \u00e0 Lausanne: La Maison de quartier sous-gare L&rsquo;association Swingtime<\/p>\n","protected":false},"author":1001160,"featured_media":0,"parent":0,"menu_order":0,"comment_status":"closed","ping_status":"closed","template":"","meta":{"_seopress_robots_primary_cat":"","_seopress_titles_title":"","_seopress_titles_desc":"","_seopress_robots_index":"","_EventAllDay":false,"_EventTimezone":"","_EventStartDate":"","_EventEndDate":"","_EventStartDateUTC":"","_EventEndDateUTC":"","_EventShowMap":false,"_EventShowMapLink":false,"_EventURL":"","_EventCost":"","_EventCostDescription":"","_EventCurrencySymbol":"","_EventCurrencyCode":"","_EventCurrencyPosition":"","_EventDateTimeSeparator":"","_EventTimeRangeSeparator":"","_EventOrganizerID":[],"_EventVenueID":[],"_OrganizerEmail":"","_OrganizerPhone":"","_OrganizerWebsite":"","_VenueAddress":"","_VenueCity":"","_VenueCountry":"","_VenueProvince":"","_VenueState":"","_VenueZip":"","_VenuePhone":"","_VenueURL":"","_VenueStateProvince":"","_VenueLat":"","_VenueLng":"","_VenueShowMap":false,"_VenueShowMapLink":false,"footnotes":""},"class_list":["post-2125","page","type-page","status-publish"],"publishpress_future_action":{"enabled":false,"date":"2026-04-30 11:40:18","action":"change-status","newStatus":"draft","terms":[],"taxonomy":"","extraData":[]},"publishpress_future_workflow_manual_trigger":{"enabledWorkflows":[]},"_links":{"self":[{"href":"https:\/\/www.asso-unil.ch\/bigband\/wp-json\/wp\/v2\/pages\/2125","targetHints":{"allow":["GET"]}}],"collection":[{"href":"https:\/\/www.asso-unil.ch\/bigband\/wp-json\/wp\/v2\/pages"}],"about":[{"href":"https:\/\/www.asso-unil.ch\/bigband\/wp-json\/wp\/v2\/types\/page"}],"author":[{"embeddable":true,"href":"https:\/\/www.asso-unil.ch\/bigband\/wp-json\/wp\/v2\/users\/1001160"}],"replies":[{"embeddable":true,"href":"https:\/\/www.asso-unil.ch\/bigband\/wp-json\/wp\/v2\/comments?post=2125"}],"version-history":[{"count":0,"href":"https:\/\/www.asso-unil.ch\/bigband\/wp-json\/wp\/v2\/pages\/2125\/revisions"}],"wp:attachment":[{"href":"https:\/\/www.asso-unil.ch\/bigband\/wp-json\/wp\/v2\/media?parent=2125"}],"curies":[{"name":"wp","href":"https:\/\/api.w.org\/{rel}","templated":true}]}}