{"id":78,"date":"2010-10-28T23:05:41","date_gmt":"2010-10-28T21:05:41","guid":{"rendered":"http:\/\/www3.unil.ch\/wpmu\/archipel\/"},"modified":"2026-03-30T09:47:25","modified_gmt":"2026-03-30T07:47:25","slug":"commander","status":"publish","type":"page","link":"https:\/\/www.asso-unil.ch\/archipel\/commander\/","title":{"rendered":"Commander"},"content":{"rendered":"<h3>Commandes<\/h3>\n<p>Prix unitaire: 20.\u2013<br \/>Prix \u00e9tudiant (contre justificatif d&rsquo;\u00e9tudes): 15.\u2013<br \/>Les frais de port sont en sus.<\/p>\n<h3>Abonnements<\/h3>\n<p>Les frais de port sont offerts.<br \/>Un num\u00e9ro annuel: 20.\u2013<br \/>Un num\u00e9ro annuel, tarif \u00e9tudiant (contre justificatif d&rsquo;\u00e9tudes): 15.\u2013<\/p>\n\n<script type=\"text\/javascript\">\n\/* <![CDATA[ *\/\nvar gform;gform||(document.addEventListener(\"gform_main_scripts_loaded\",function(){gform.scriptsLoaded=!0}),document.addEventListener(\"gform\/theme\/scripts_loaded\",function(){gform.themeScriptsLoaded=!0}),window.addEventListener(\"DOMContentLoaded\",function(){gform.domLoaded=!0}),gform={domLoaded:!1,scriptsLoaded:!1,themeScriptsLoaded:!1,isFormEditor:()=>\"function\"==typeof InitializeEditor,callIfLoaded:function(o){return!(!gform.domLoaded||!gform.scriptsLoaded||!gform.themeScriptsLoaded&&!gform.isFormEditor()||(gform.isFormEditor()&&console.warn(\"The use of gform.initializeOnLoaded() is deprecated in the form editor context and will be removed in Gravity Forms 3.1.\"),o(),0))},initializeOnLoaded:function(o){gform.callIfLoaded(o)||(document.addEventListener(\"gform_main_scripts_loaded\",()=>{gform.scriptsLoaded=!0,gform.callIfLoaded(o)}),document.addEventListener(\"gform\/theme\/scripts_loaded\",()=>{gform.themeScriptsLoaded=!0,gform.callIfLoaded(o)}),window.addEventListener(\"DOMContentLoaded\",()=>{gform.domLoaded=!0,gform.callIfLoaded(o)}))},hooks:{action:{},filter:{}},addAction:function(o,r,e,t){gform.addHook(\"action\",o,r,e,t)},addFilter:function(o,r,e,t){gform.addHook(\"filter\",o,r,e,t)},doAction:function(o){gform.doHook(\"action\",o,arguments)},applyFilters:function(o){return gform.doHook(\"filter\",o,arguments)},removeAction:function(o,r){gform.removeHook(\"action\",o,r)},removeFilter:function(o,r,e){gform.removeHook(\"filter\",o,r,e)},addHook:function(o,r,e,t,n){null==gform.hooks[o][r]&&(gform.hooks[o][r]=[]);var d=gform.hooks[o][r];null==n&&(n=r+\"_\"+d.length),gform.hooks[o][r].push({tag:n,callable:e,priority:t=null==t?10:t})},doHook:function(r,o,e){var t;if(e=Array.prototype.slice.call(e,1),null!=gform.hooks[r][o]&&((o=gform.hooks[r][o]).sort(function(o,r){return o.priority-r.priority}),o.forEach(function(o){\"function\"!=typeof(t=o.callable)&&(t=window[t]),\"action\"==r?t.apply(null,e):e[0]=t.apply(null,e)})),\"filter\"==r)return e[0]},removeHook:function(o,r,t,n){var e;null!=gform.hooks[o][r]&&(e=(e=gform.hooks[o][r]).filter(function(o,r,e){return!!(null!=n&&n!=o.tag||null!=t&&t!=o.priority)}),gform.hooks[o][r]=e)}});\n\/* ]]> *\/\n<\/script>\n\n                <div class='gf_browser_gecko gform_wrapper gform_legacy_markup_wrapper gform-theme--no-framework' data-form-theme='legacy' data-form-index='0' id='gform_wrapper_1' >\n                        <div class='gform_heading'>\n                            <p class='gform_description'><\/p>\n                        <\/div><form method='post' enctype='multipart\/form-data'  id='gform_1'  action='\/archipel\/wp-json\/wp\/v2\/pages\/78' data-formid='1' novalidate><div class='gf_invisible ginput_recaptchav3' data-sitekey='6Ld9j-wpAAAAABksk-nBl-2ArvdQPHc5p6bXmw6A' data-tabindex='0'><input id=\"input_9e4ac593f2b5cde8e633ad1c4ff5c880\" class=\"gfield_recaptcha_response\" type=\"hidden\" name=\"input_9e4ac593f2b5cde8e633ad1c4ff5c880\" value=\"\"\/><\/div>\n                        <div class='gform-body gform_body'><ul id='gform_fields_1' class='gform_fields top_label form_sublabel_below description_below validation_below'><li id=\"field_1_9\" class=\"gfield gfield--type-select field_sublabel_below gfield--no-description field_description_below field_validation_below gfield_visibility_visible\"  ><label class='gfield_label gform-field-label screen-reader-text' for='input_1_9'><\/label><div class='ginput_container ginput_container_select'><select name='input_9' id='input_1_9' class='medium gfield_select'     aria-invalid=\"false\" ><option value='Commande' selected='selected'>Commande<\/option><option value='Abonnement' >Abonnement<\/option><option value='Autre' >Autre<\/option><\/select><\/div><\/li><li id=\"field_1_1\" class=\"gfield gfield--type-name gfield_contains_required field_sublabel_below gfield--no-description field_description_below field_validation_below gfield_visibility_visible\"  ><label class='gfield_label gform-field-label gfield_label_before_complex' >Nom<span class=\"gfield_required\"><span class=\"gfield_required gfield_required_asterisk\">*<\/span><\/span><\/label><div class='ginput_complex ginput_container ginput_container--name no_prefix has_first_name no_middle_name has_last_name no_suffix gf_name_has_2 ginput_container_name gform-grid-row' id='input_1_1'>\n                            \n                            <span id='input_1_1_3_container' class='name_first gform-grid-col gform-grid-col--size-auto' >\n                                                    <input type='text' name='input_1.3' id='input_1_1_3' value=''   aria-required='true'     \/>\n                                                    <label for='input_1_1_3' class='gform-field-label gform-field-label--type-sub '>Pr\u00e9nom<\/label>\n                                                <\/span>\n                            \n                            <span id='input_1_1_6_container' class='name_last gform-grid-col gform-grid-col--size-auto' >\n                                                    <input type='text' name='input_1.6' id='input_1_1_6' value=''   aria-required='true'     \/>\n                                                    <label for='input_1_1_6' class='gform-field-label gform-field-label--type-sub '>Nom<\/label>\n                                                <\/span>\n                            \n                        <\/div><\/li><li id=\"field_1_2\" class=\"gfield gfield--type-address gfield_contains_required field_sublabel_below gfield--no-description field_description_below field_validation_below gfield_visibility_visible\"  ><label class='gfield_label gform-field-label gfield_label_before_complex' >Adresse<span class=\"gfield_required\"><span class=\"gfield_required gfield_required_asterisk\">*<\/span><\/span><\/label>    \n                    <div class='ginput_complex ginput_container has_street has_city has_zip ginput_container_address gform-grid-row' id='input_1_2' >\n                         <span class='ginput_full address_line_1 ginput_address_line_1 gform-grid-col' id='input_1_2_1_container' >\n                                        <input type='text' name='input_2.1' id='input_1_2_1' value=''    aria-required='true'    \/>\n                                        <label for='input_1_2_1' id='input_1_2_1_label' class='gform-field-label gform-field-label--type-sub '>Adresse postale<\/label>\n                                    <\/span><span class='ginput_left address_city ginput_address_city gform-grid-col' id='input_1_2_3_container' >\n                                    <input type='text' name='input_2.3' id='input_1_2_3' value=''    aria-required='true'    \/>\n                                    <label for='input_1_2_3' id='input_1_2_3_label' class='gform-field-label gform-field-label--type-sub '>Ville<\/label>\n                                 <\/span><input type='hidden' class='gform_hidden' name='input_2.4' id='input_1_2_4' value=''\/><span class='ginput_right address_zip ginput_address_zip gform-grid-col' id='input_1_2_5_container' >\n                                    <input type='text' name='input_2.5' id='input_1_2_5' value=''    aria-required='true'    \/>\n                                    <label for='input_1_2_5' id='input_1_2_5_label' class='gform-field-label gform-field-label--type-sub '>Code postal<\/label>\n                                <\/span><input type='hidden' class='gform_hidden' name='input_2.6' id='input_1_2_6' value='' \/>\n                    <div class='gf_clear gf_clear_complex'><\/div>\n                <\/div><\/li><li id=\"field_1_3\" class=\"gfield gfield--type-phone field_sublabel_below gfield--no-description field_description_below field_validation_below gfield_visibility_visible\"  ><label class='gfield_label gform-field-label' for='input_1_3'>T\u00e9l\u00e9phone<\/label><div class='ginput_container ginput_container_phone'><input name='input_3' id='input_1_3' type='tel' value='' class='medium'    aria-invalid=\"false\"   \/><\/div><\/li><li id=\"field_1_4\" class=\"gfield gfield--type-email gfield_contains_required field_sublabel_below gfield--no-description field_description_below field_validation_below gfield_visibility_visible\"  ><label class='gfield_label gform-field-label' for='input_1_4'>E-mail<span class=\"gfield_required\"><span class=\"gfield_required gfield_required_asterisk\">*<\/span><\/span><\/label><div class='ginput_container ginput_container_email'>\n                            <input name='input_4' id='input_1_4' type='email' value='' class='medium'    aria-required=\"true\" aria-invalid=\"false\"  \/>\n                        <\/div><\/li><li id=\"field_1_6\" class=\"gfield gfield--type-multiselect field_sublabel_below gfield--no-description field_description_below field_validation_below gfield_visibility_visible\"  ><label class='gfield_label gform-field-label screen-reader-text' for='input_1_6'><\/label><div class='ginput_container ginput_container_multiselect'><select multiple='multiple'  size='7' name='input_6[]' id='input_1_6' class='medium gfield_select'   aria-invalid=\"false\"  ><option value='n\u00b045 - Coup de chapeau (2023)' >n\u00b045 &#8211; Coup de chapeau (2023)<\/option><option value='n\u00b044 - Roue libre (2022)' >n\u00b044 &#8211; Roue libre (2022)<\/option><option value='n\u00b043 - Lire le complot (2021)' >n\u00b043 &#8211; Lire le complot (2021)<\/option><option value='n\u00b042 - Photolitt\u00e9rature (2020)' >n\u00b042 &#8211; Photolitt\u00e9rature (2020)<\/option><option value='n\u00b041 -Empreintes jurassiques (2019)' >n\u00b041 -Empreintes jurassiques (2019)<\/option><option value='n\u00b040 - Titre de travail (2018)' >n\u00b040 &#8211; Titre de travail (2018)<\/option><option value='Hors-s\u00e9rie - Br\u00e8ves d&#039;Anthropole (2017)' >Hors-s\u00e9rie &#8211; Br\u00e8ves d&#039;Anthropole (2017)<\/option><option value='n\u00b039 - Exils (2017)' >n\u00b039 &#8211; Exils (2017)<\/option><option value='n\u00b038 - Etat des non-lieux (2016)' >n\u00b038 &#8211; Etat des non-lieux (2016)<\/option><option value='n\u00b037 - Affoler la langue (2014)' >n\u00b037 &#8211; Affoler la langue (2014)<\/option><option value='n\u00b035 - Avant tout, la fin (2012)' >n\u00b035 &#8211; Avant tout, la fin (2012)<\/option><option value='n\u00b034 - Litt\u00e9rature et cin\u00e9ma (2011)' >n\u00b034 &#8211; Litt\u00e9rature et cin\u00e9ma (2011)<\/option><option value='n\u00b033 - L&#039;invention de la m\u00e9moire (2010)' >n\u00b033 &#8211; L&#039;invention de la m\u00e9moire (2010)<\/option><option value='n\u00b032 - &quot;Vive Chappaz!&quot; (2009)' >n\u00b032 &#8211; &quot;Vive Chappaz!&quot; (2009)<\/option><option value='n\u00b031 - La Ville en ce jardin (2009)' >n\u00b031 &#8211; La Ville en ce jardin (2009)<\/option><option value='n\u00b030 - Contes (2008)' >n\u00b030 &#8211; Contes (2008)<\/option><option value='n\u00b029 - Clos-de-la-Sorge (2008)' >n\u00b029 &#8211; Clos-de-la-Sorge (2008)<\/option><option value='n\u00b028 - Sous scell\u00e9s (2007)' >n\u00b028 &#8211; Sous scell\u00e9s (2007)<\/option><option value='n\u00b027 Moiti\u00e9-moiti\u00e9 (2005)' >n\u00b027 Moiti\u00e9-moiti\u00e9 (2005)<\/option><option value='n\u00b026 - Fruits d\u00e9fendus (2004)' >n\u00b026 &#8211; Fruits d\u00e9fendus (2004)<\/option><option value='n\u00b025 - Confluences (2004)' >n\u00b025 &#8211; Confluences (2004)<\/option><option value='n\u00b024 - \u00celes sur le toit du monde (2003)' >n\u00b024 &#8211; \u00celes sur le toit du monde (2003)<\/option><option value='n\u00b022 - Floraisons (2003)' >n\u00b022 &#8211; Floraisons (2003)<\/option><option value='n\u00b021 - Saveurs de l&#039;esquisse (2001)' >n\u00b021 &#8211; Saveurs de l&#039;esquisse (2001)<\/option><option value='n\u00b020 - Inde m\u00e9connue (2001)' >n\u00b020 &#8211; Inde m\u00e9connue (2001)<\/option><option value='n\u00b019 - A quoi bon la litt\u00e9rature ? (2000)' >n\u00b019 &#8211; A quoi bon la litt\u00e9rature ? (2000)<\/option><option value='n\u00b018 - Prix de la Sorge 1999 (2000)' >n\u00b018 &#8211; Prix de la Sorge 1999 (2000)<\/option><option value='n\u00b017 - Prix de la Sorge 1998 (1999)' >n\u00b017 &#8211; Prix de la Sorge 1998 (1999)<\/option><option value='n\u00b016 - Sans titre (1999)' >n\u00b016 &#8211; Sans titre (1999)<\/option><option value='n\u00b015 - Prix de la Sorge 1997 (1998)' >n\u00b015 &#8211; Prix de la Sorge 1997 (1998)<\/option><option value='n\u00b014 - Figures du multiple. Sur Deleuze et Guattari (1997)' >n\u00b014 &#8211; Figures du multiple. Sur Deleuze et Guattari (1997)<\/option><option value='n\u00b013 - Prix de la Sorge 1996 (1997)' >n\u00b013 &#8211; Prix de la Sorge 1996 (1997)<\/option><option value='n\u00b011-12 - Prix de la sorge 1995 (1996)' >n\u00b011-12 &#8211; Prix de la sorge 1995 (1996)<\/option><option value='n\u00b09 - Ecritures et architectures (1994)' >n\u00b09 &#8211; Ecritures et architectures (1994)<\/option><option value='n\u00b08 - R\u00e9cits de guerre (1994)' >n\u00b08 &#8211; R\u00e9cits de guerre (1994)<\/option><option value='n\u00b06-7 - Soyons brefs (1993)' >n\u00b06-7 &#8211; Soyons brefs (1993)<\/option><option value='n\u00b05 - H\u00e9t\u00e9rotisme (1992)' >n\u00b05 &#8211; H\u00e9t\u00e9rotisme (1992)<\/option><option value='n\u00b04 - Litt\u00e9rature et faits divers (1991)' >n\u00b04 &#8211; Litt\u00e9rature et faits divers (1991)<\/option><option value='n\u00b03 - Hommage \u00e0 Jean-Charles Potterat (1991)' >n\u00b03 &#8211; Hommage \u00e0 Jean-Charles Potterat (1991)<\/option><option value='n\u00b02 - Sans titre (1990)' >n\u00b02 &#8211; Sans titre (1990)<\/option><option value='n\u00b01 - Sans titre (1990)' >n\u00b01 &#8211; Sans titre (1990)<\/option><\/select><\/div><\/li><li id=\"field_1_7\" class=\"gfield gfield--type-text field_sublabel_below gfield--no-description field_description_below field_validation_below gfield_visibility_visible\"  ><label class='gfield_label gform-field-label' for='input_1_7'>Sujet<\/label><div class='ginput_container ginput_container_text'><input name='input_7' id='input_1_7' type='text' value='' class='medium'      aria-invalid=\"false\"   \/><\/div><\/li><li id=\"field_1_8\" class=\"gfield gfield--type-textarea field_sublabel_below gfield--no-description field_description_below field_validation_below gfield_visibility_visible\"  ><label class='gfield_label gform-field-label' for='input_1_8'>Votre message<\/label><div class='ginput_container ginput_container_textarea'><textarea name='input_8' id='input_1_8' class='textarea medium'      aria-invalid=\"false\"   rows='10' cols='50'><\/textarea><\/div><\/li><\/ul><\/div>\n        <div class='gform-footer gform_footer top_label'> <input type='submit' id='gform_submit_button_1' class='gform_button button' onclick='gform.submission.handleButtonClick(this);' data-submission-type='submit' value='Envoyer'  \/> \n            <input type='hidden' class='gform_hidden' name='gform_submission_method' data-js='gform_submission_method_1' value='postback' \/>\n            <input type='hidden' class='gform_hidden' name='gform_theme' data-js='gform_theme_1' id='gform_theme_1' value='legacy' \/>\n            <input type='hidden' class='gform_hidden' name='gform_style_settings' data-js='gform_style_settings_1' id='gform_style_settings_1' value='{&quot;inputPrimaryColor&quot;:&quot;#204ce5&quot;}' \/>\n            <input type='hidden' class='gform_hidden' name='is_submit_1' value='1' \/>\n            <input type='hidden' class='gform_hidden' name='gform_submit' value='1' \/>\n            \n            <input type='hidden' class='gform_hidden' name='gform_currency' data-currency='USD' value='qa8lo+X43WVvQGRn7Pzxiyia8gCHaqGyDLruWR6jLyVU4vcZRvdKaBoQVta41xGc71H8J8o74Q1b8Y4MfmJjCMVNBb8I4fUcG4Oza6N2WPYsmQc=' \/>\n            <input type='hidden' class='gform_hidden' name='gform_unique_id' value='' \/>\n            <input type='hidden' class='gform_hidden' name='state_1' value='WyJbXSIsIjllNGUwMmNmM2UwYTZmZmY1NWQ0Nzg0MDlmOGVkZDJlIl0=' \/>\n            <input type='hidden' autocomplete='off' class='gform_hidden' name='gform_target_page_number_1' id='gform_target_page_number_1' value='0' \/>\n            <input type='hidden' autocomplete='off' class='gform_hidden' name='gform_source_page_number_1' id='gform_source_page_number_1' value='1' \/>\n            <input type='hidden' name='gform_field_values' value='' \/>\n            \n        <\/div>\n                        <\/form>\n                        <\/div><script type=\"text\/javascript\">\n\/* <![CDATA[ *\/\n gform.initializeOnLoaded( function() {gformInitSpinner( 1, 'https:\/\/www.asso-unil.ch\/archipel\/wp-content\/plugins\/gravityforms\/images\/spinner.svg', true );jQuery('#gform_ajax_frame_1').on('load',function(){var contents = jQuery(this).contents().find('*').html();var is_postback = contents.indexOf('GF_AJAX_POSTBACK') >= 0;if(!is_postback){return;}var form_content = jQuery(this).contents().find('#gform_wrapper_1');var is_confirmation = jQuery(this).contents().find('#gform_confirmation_wrapper_1').length > 0;var is_redirect = contents.indexOf('gformRedirect(){') >= 0;var is_form = form_content.length > 0 && ! is_redirect && ! is_confirmation;var mt = parseInt(jQuery('html').css('margin-top'), 10) + parseInt(jQuery('body').css('margin-top'), 10) + 100;if(is_form){jQuery('#gform_wrapper_1').html(form_content.html());if(form_content.hasClass('gform_validation_error')){jQuery('#gform_wrapper_1').addClass('gform_validation_error');} else {jQuery('#gform_wrapper_1').removeClass('gform_validation_error');}setTimeout( function() { \/* delay the scroll by 50 milliseconds to fix a bug in chrome *\/  }, 50 );if(window['gformInitDatepicker']) {gformInitDatepicker();}if(window['gformInitPriceFields']) {gformInitPriceFields();}var current_page = jQuery('#gform_source_page_number_1').val();gformInitSpinner( 1, 'https:\/\/www.asso-unil.ch\/archipel\/wp-content\/plugins\/gravityforms\/images\/spinner.svg', true );jQuery(document).trigger('gform_page_loaded', [1, current_page]);window['gf_submitting_1'] = false;}else if(!is_redirect){var confirmation_content = jQuery(this).contents().find('.GF_AJAX_POSTBACK').html();if(!confirmation_content){confirmation_content = contents;}jQuery('#gform_wrapper_1').replaceWith(confirmation_content);jQuery(document).trigger('gform_confirmation_loaded', [1]);window['gf_submitting_1'] = false;wp.a11y.speak(jQuery('#gform_confirmation_message_1').text());}else{jQuery('#gform_1').append(contents);if(window['gformRedirect']) {gformRedirect();}}jQuery(document).trigger(\"gform_pre_post_render\", [{ formId: \"1\", currentPage: \"current_page\", abort: function() { this.preventDefault(); } }]);        if (event && event.defaultPrevented) {                return;        }        const gformWrapperDiv = document.getElementById( \"gform_wrapper_1\" );        if ( gformWrapperDiv ) {            const visibilitySpan = document.createElement( \"span\" );            visibilitySpan.id = \"gform_visibility_test_1\";            gformWrapperDiv.insertAdjacentElement( \"afterend\", visibilitySpan );        }        const visibilityTestDiv = document.getElementById( \"gform_visibility_test_1\" );        let postRenderFired = false;        function triggerPostRender() {            if ( postRenderFired ) {                return;            }            postRenderFired = true;            gform.core.triggerPostRenderEvents( 1, current_page );            if ( visibilityTestDiv ) {                visibilityTestDiv.parentNode.removeChild( visibilityTestDiv );            }        }        function debounce( func, wait, immediate ) {            var timeout;            return function() {                var context = this, args = arguments;                var later = function() {                    timeout = null;                    if ( !immediate ) func.apply( context, args );                };                var callNow = immediate && !timeout;                clearTimeout( timeout );                timeout = setTimeout( later, wait );                if ( callNow ) func.apply( context, args );            };        }        const debouncedTriggerPostRender = debounce( function() {            triggerPostRender();        }, 200 );        if ( visibilityTestDiv && visibilityTestDiv.offsetParent === null ) {            const observer = new MutationObserver( ( mutations ) => {                mutations.forEach( ( mutation ) => {                    if ( mutation.type === 'attributes' && visibilityTestDiv.offsetParent !== null ) {                        debouncedTriggerPostRender();                        observer.disconnect();                    }                });            });            observer.observe( document.body, {                attributes: true,                childList: false,                subtree: true,                attributeFilter: [ 'style', 'class' ],            });        } else {            triggerPostRender();        }    } );} ); \n\/* ]]> *\/\n<\/script>\n\n\n\n<p>(Les champs marqu\u00e9s d&rsquo;un * sont obligatoires.)<\/p>\n\n\n\n<figure class=\"wp-block-image size-full\"><a href=\"https:\/\/www.asso-unil.ch\/archipel\/files\/2026\/03\/capture-decran-2026-03-30-a-09.22.27.png\"><img loading=\"lazy\" decoding=\"async\" width=\"800\" height=\"650\" src=\"https:\/\/www.asso-unil.ch\/archipel\/files\/2026\/03\/capture-decran-2026-03-30-a-09.22.27.png\" alt=\"capture d\u2019e\u0301cran 2026 03 30 a\u0300 09.22.27\" class=\"wp-image-4404\" srcset=\"https:\/\/www.asso-unil.ch\/archipel\/files\/2026\/03\/capture-decran-2026-03-30-a-09.22.27.png 800w, https:\/\/www.asso-unil.ch\/archipel\/files\/2026\/03\/capture-decran-2026-03-30-a-09.22.27-300x244.png 300w, https:\/\/www.asso-unil.ch\/archipel\/files\/2026\/03\/capture-decran-2026-03-30-a-09.22.27-768x624.png 768w, https:\/\/www.asso-unil.ch\/archipel\/files\/2026\/03\/capture-decran-2026-03-30-a-09.22.27-540x439.png 540w\" sizes=\"auto, (max-width: 800px) 100vw, 800px\" \/><\/a><\/figure>\n","protected":false},"excerpt":{"rendered":"<p>Commandes Prix unitaire: 20.\u2013Prix \u00e9tudiant (contre justificatif d&rsquo;\u00e9tudes): 15.\u2013Les frais de port sont en sus. Abonnements Les frais de port sont offerts.Un num\u00e9ro annuel: 20.\u2013Un num\u00e9ro annuel, tarif&hellip;<\/p>\n","protected":false},"author":11,"featured_media":0,"parent":0,"menu_order":4,"comment_status":"closed","ping_status":"closed","template":"","meta":{"_seopress_robots_primary_cat":"","_seopress_titles_title":"","_seopress_titles_desc":"","_seopress_robots_index":"","footnotes":""},"class_list":["post-78","page","type-page","status-publish","has-post-thumbnail"],"_links":{"self":[{"href":"https:\/\/www.asso-unil.ch\/archipel\/wp-json\/wp\/v2\/pages\/78","targetHints":{"allow":["GET"]}}],"collection":[{"href":"https:\/\/www.asso-unil.ch\/archipel\/wp-json\/wp\/v2\/pages"}],"about":[{"href":"https:\/\/www.asso-unil.ch\/archipel\/wp-json\/wp\/v2\/types\/page"}],"author":[{"embeddable":true,"href":"https:\/\/www.asso-unil.ch\/archipel\/wp-json\/wp\/v2\/users\/11"}],"replies":[{"embeddable":true,"href":"https:\/\/www.asso-unil.ch\/archipel\/wp-json\/wp\/v2\/comments?post=78"}],"version-history":[{"count":1,"href":"https:\/\/www.asso-unil.ch\/archipel\/wp-json\/wp\/v2\/pages\/78\/revisions"}],"predecessor-version":[{"id":4405,"href":"https:\/\/www.asso-unil.ch\/archipel\/wp-json\/wp\/v2\/pages\/78\/revisions\/4405"}],"wp:attachment":[{"href":"https:\/\/www.asso-unil.ch\/archipel\/wp-json\/wp\/v2\/media?parent=78"}],"curies":[{"name":"wp","href":"https:\/\/api.w.org\/{rel}","templated":true}]}}