{"id":746,"date":"2021-02-05T18:10:47","date_gmt":"2021-02-05T17:10:47","guid":{"rendered":"https:\/\/www.asso-unil.ch\/archipel\/?page_id=746"},"modified":"2021-02-05T18:10:48","modified_gmt":"2021-02-05T17:10:48","slug":"titre-de-travail","status":"publish","type":"page","link":"https:\/\/www.asso-unil.ch\/archipel\/titre-de-travail\/","title":{"rendered":"Titre de travail"},"content":{"rendered":"\n<p>Les liens complexes qu\u2019entretiennent les notions de travail et de cr\u00e9ation artistique forment un champ fertile tant pour la production de textes de fiction que pour l\u2019\u00e9mergence de prises de position politiques. Archipel a souhait\u00e9 explorer ces liens dans son quaranti\u00e8me num\u00e9ro, Titre de travail. Afin de mieux circonscrire la notion m\u00eame de \u00ab travail \u00bb, moins famili\u00e8re \u00e0 notre revue que celle de litt\u00e9rature, nous<br>avons choisi de collaborer cette ann\u00e9e avec COSPOL, le comit\u00e9 des \u00e9tudiant\u00b7e\u00b7s en sciences politiques de l\u2019UNIL.<\/p>\n\n\n\n<p><strong>SOMMAIRE<\/strong><\/p>\n\n\n\n<p><strong>Le Cahier&nbsp;:<\/strong><\/p>\n\n\n\n<p>Etienne Furrer \/\u00a0<em>De la n\u00e9cessaire radicalit\u00e9 contre le travail<\/em><br>Carla Vaucher \/\u00a0<em>Le processus de subjectivation \u00e0 l\u2019\u00e9preuve de la cadence bureaucratique<br><\/em>Adriana Stimoli \/\u00a0<em>Le culte de l\u2019esprit d\u2019entreprise<br><\/em>Anouk Essyad \/\u00a0<em>\u00ab C\u2019est en tant que travailleurs que les Arabes ripostent au racisme\u00bb: de la participation des travailleurs arabes au mouvement ouvrier<br><\/em><br>Julie Gilbert \/\u00a0<em>Carnet de travail<br><\/em>AJAR \/\u00a0<em>Je pouvais faire ce que je voulais, personne ne me remarquait<br>Questions de travail (entretiens)<br><\/em>J\u00e9r\u00f4me Meizoz \/ Marianne Brun \/ S\u00e9bastien Meier \/ Camille Luscher \/ Nicolas Verdan \/ Odile CornuzPortfolio: Nicolas Berger,<em>\u00a0S\u00e9rie 2<\/em><\/p>\n\n\n\n<p><strong>Poursuites :<br><\/strong>C\u00e9line Zufferey \/\u00a0<em>Gen\u00e8se<br><\/em>Julie Heger \/<em>\u00a0La Ligne huit de l\u2019autobus de Caen<\/em><\/p>\n\n\n\n<p><strong>La Sorge&nbsp;:<br><\/strong>Julien Burri \/&nbsp;<em>La For\u00eat<br><\/em>Robin Corminboeuf \/&nbsp;<em>Nathan ou la solitude<br><\/em>Basile Seppey \/&nbsp;<em>Cousteau ou La vie aquatique<\/em><\/p>\n","protected":false},"excerpt":{"rendered":"<p>Les liens complexes qu\u2019entretiennent les notions de travail et de cr\u00e9ation artistique forment un champ fertile tant pour la production de textes de fiction que pour l\u2019\u00e9mergence de&hellip;<\/p>\n","protected":false},"author":1001136,"featured_media":0,"parent":0,"menu_order":0,"comment_status":"closed","ping_status":"closed","template":"","meta":{"_seopress_robots_primary_cat":"","_seopress_titles_title":"","_seopress_titles_desc":"","_seopress_robots_index":"","footnotes":""},"class_list":["post-746","page","type-page","status-publish","has-post-thumbnail"],"_links":{"self":[{"href":"https:\/\/www.asso-unil.ch\/archipel\/wp-json\/wp\/v2\/pages\/746","targetHints":{"allow":["GET"]}}],"collection":[{"href":"https:\/\/www.asso-unil.ch\/archipel\/wp-json\/wp\/v2\/pages"}],"about":[{"href":"https:\/\/www.asso-unil.ch\/archipel\/wp-json\/wp\/v2\/types\/page"}],"author":[{"embeddable":true,"href":"https:\/\/www.asso-unil.ch\/archipel\/wp-json\/wp\/v2\/users\/1001136"}],"replies":[{"embeddable":true,"href":"https:\/\/www.asso-unil.ch\/archipel\/wp-json\/wp\/v2\/comments?post=746"}],"version-history":[{"count":0,"href":"https:\/\/www.asso-unil.ch\/archipel\/wp-json\/wp\/v2\/pages\/746\/revisions"}],"wp:attachment":[{"href":"https:\/\/www.asso-unil.ch\/archipel\/wp-json\/wp\/v2\/media?parent=746"}],"curies":[{"name":"wp","href":"https:\/\/api.w.org\/{rel}","templated":true}]}}