{"id":707,"date":"2019-10-28T14:52:52","date_gmt":"2019-10-28T13:52:52","guid":{"rendered":"http:\/\/www.asso-unil.ch\/archipel\/?page_id=707"},"modified":"2019-10-28T15:08:30","modified_gmt":"2019-10-28T14:08:30","slug":"exils","status":"publish","type":"page","link":"https:\/\/www.asso-unil.ch\/archipel\/exils\/","title":{"rendered":"Exils"},"content":{"rendered":"<p><strong>Le Cahier :<br \/>\n<\/strong>Agota Kristof \/ <em>Trois po\u00e8mes<\/em><br \/>\nChristine Le Quellec Cottier \/ <em>\u00c9crire pour habiter la faille : Agota Kristof po\u00e8te<br \/>\n<\/em>C\u00e9cile Racine \/ <em>\u00c0 contre-jour<br \/>\n<\/em>Ferenc R\u00e1k\u00f3czy \/ <em>La maison entre les deux Danubes<br \/>\n<\/em>Ma\u00eftena Rais \/ <em>Nonna<br \/>\n<\/em>Colin Pahlisch \/ <em>Limite de la mer<br \/>\n<\/em>Yves Rosset \/<em> La voix de l\u2019exil, elle est tant<\/em><\/p>\n<p><strong>La Poursuite :<br \/>\n<\/strong>Nina Pellegrino \/ <em>Le memento mori dans mes cornflakes<\/em><\/p>\n<p><strong>La Sorge :<br \/>\n<\/strong>Romain Buffat \/ <em>Chemin des lucioles<br \/>\n<\/em>Lorrain Voisard \/ <em>\u00c9rasme en moins<br \/>\n<\/em>Marie Sautier \/ <em>La bo\u00eete<\/em><\/p>\n","protected":false},"excerpt":{"rendered":"<p>Le Cahier : Agota Kristof \/ Trois po\u00e8mes Christine Le Quellec Cottier \/ \u00c9crire pour habiter la faille : Agota Kristof po\u00e8te C\u00e9cile Racine \/ \u00c0 contre-jour Ferenc&hellip;<\/p>\n","protected":false},"author":11,"featured_media":0,"parent":0,"menu_order":0,"comment_status":"closed","ping_status":"closed","template":"","meta":{"_seopress_robots_primary_cat":"","_seopress_titles_title":"","_seopress_titles_desc":"","_seopress_robots_index":"","footnotes":""},"class_list":["post-707","page","type-page","status-publish","has-post-thumbnail"],"_links":{"self":[{"href":"https:\/\/www.asso-unil.ch\/archipel\/wp-json\/wp\/v2\/pages\/707","targetHints":{"allow":["GET"]}}],"collection":[{"href":"https:\/\/www.asso-unil.ch\/archipel\/wp-json\/wp\/v2\/pages"}],"about":[{"href":"https:\/\/www.asso-unil.ch\/archipel\/wp-json\/wp\/v2\/types\/page"}],"author":[{"embeddable":true,"href":"https:\/\/www.asso-unil.ch\/archipel\/wp-json\/wp\/v2\/users\/11"}],"replies":[{"embeddable":true,"href":"https:\/\/www.asso-unil.ch\/archipel\/wp-json\/wp\/v2\/comments?post=707"}],"version-history":[{"count":0,"href":"https:\/\/www.asso-unil.ch\/archipel\/wp-json\/wp\/v2\/pages\/707\/revisions"}],"wp:attachment":[{"href":"https:\/\/www.asso-unil.ch\/archipel\/wp-json\/wp\/v2\/media?parent=707"}],"curies":[{"name":"wp","href":"https:\/\/api.w.org\/{rel}","templated":true}]}}