{"id":62,"date":"2010-10-28T22:52:03","date_gmt":"2010-10-28T20:52:03","guid":{"rendered":"http:\/\/www3.unil.ch\/wpmu\/archipel\/"},"modified":"2018-06-11T12:15:35","modified_gmt":"2018-06-11T10:15:35","slug":"2000-2010","status":"publish","type":"page","link":"https:\/\/www.asso-unil.ch\/archipel\/2000-2010\/","title":{"rendered":"2000-2009"},"content":{"rendered":"<p><a href=\"https:\/\/www.asso-unil.ch\/archipel\/files\/2010\/10\/32ChappazCouverture-e1288302335569.jpg\"><img loading=\"lazy\" decoding=\"async\" src=\"https:\/\/www.asso-unil.ch\/archipel\/files\/2010\/10\/32ChappazCouverture-e1288302335569-180x300.jpg\" alt=\"\" width=\"124\" height=\"200\" \/><\/a><\/p>\n<p><strong>\u00ab\u00a0Vive Chappaz!\u00a0\u00bb (n\u00b032, d\u00e9cembre 2009)<\/strong><\/p>\n<p>Bastien Fournier: Maurice Chappaz<br \/>\nJacques Chessex: Ode \u00e0 Maurice Chappaz<br \/>\nMaurice Chappaz\/Corinna Bille: \u00ab Je n\u2019ai pas envie de dormir, aussi je vous \u00e9cris.\u00bb<br \/>\nFrancine Clavien: Il y a un Chappaz dans la vall\u00e9e<br \/>\n\u00c9tienne Delessert: Supersaxo ; Portraits<br \/>\nOswald Ruppen: Portraits<br \/>\nPierre-Alain T\u00e2che: Le dernier Chappaz<br \/>\nMaurice Chappaz: Deux lettres \u00e0 J\u00e9r\u00f4me Meizoz<br \/>\nJean-Louis Kuffer: Les petites r\u00e9surrections de Maurice Chappaz<br \/>\nCindy \u00c9piney: Maurice Chappaz et le succ\u00e8s : pari gagn\u00e9 !<br \/>\nTrois lettres d\u2019Alice Rivaz \u00e0 Maurice Chappaz (pr\u00e9sent\u00e9es par J\u00e9r\u00f4me Meizoz)<br \/>\nPierre-Fran\u00e7ois Mettan: Pays secret, pays perdu<br \/>\nDimitri Jaunin: La g\u00e9ographie du 7, rue du Pont<br \/>\nMax Alan Ndjock Lob\u00e8: Le Baccalaur\u00e9at<br \/>\nJoana van Leckwyck: J\u2019ai l\u2019envie d\u2019un film comme une promenade o\u00f9 un troupeau de trains embrasse Gen\u00e8ve et se souvient<\/p>\n<p><a href=\"https:\/\/www.asso-unil.ch\/archipel\/files\/2010\/10\/31miniatureCouvertureJardins.jpg\"><img loading=\"lazy\" decoding=\"async\" src=\"https:\/\/www.asso-unil.ch\/archipel\/files\/2010\/10\/31miniatureCouvertureJardins.jpg\" alt=\"\" width=\"119\" height=\"203\" \/><\/a><\/p>\n<p><strong>La Ville en ce jardin (n\u00b031, juillet 2009)<\/strong><br \/>\nEn collaboration avec Lausanne Jardins 2009<\/p>\n<p>Maryline Cettou: Pr\u00e9face<br \/>\nDave L\u00fcthi: La belle \u00e9poque du \u00ab jardin lib\u00e9ral \u00bb<br \/>\nAntonio Rodriguez: Le jardin dans la po\u00e9sie romande (entretien)<br \/>\nSylvie D\u00e9l\u00e8ze: R\u00e9pits de terre<br \/>\nEug\u00e8ne: Kannenfeldpark<br \/>\nBeno\u00eet Delafontaine: P\u00e9tales de m\u00e9tal<br \/>\nHubert Rey: La femme sur le cheval rouge<br \/>\nEric Duvoisin: R\u00e9sidences secondaires<br \/>\nAlain Freudiger: Le vieux philosophe<br \/>\nClaudine Gaetzi: Jardin urbain<br \/>\nFrancine Clavien: L\u2019\u00e9vad\u00e9<br \/>\nAdrien B\u00fcrki: M\u00e9tamorphose<br \/>\nJean-Baptiste Pedini: Jach\u00e8re<\/p>\n<p><a href=\"https:\/\/www.asso-unil.ch\/archipel\/files\/2010\/10\/30miniature_Contes.jpg\"><img loading=\"lazy\" decoding=\"async\" src=\"https:\/\/www.asso-unil.ch\/archipel\/files\/2010\/10\/30miniature_Contes.jpg\" alt=\"\" width=\"119\" height=\"200\" \/><\/a><\/p>\n<p><strong>Contes (n\u00b030, d\u00e9cembre 2008)<\/strong><\/p>\n<p>Laure Allemann: Charline<br \/>\nC\u00e9dric Pignat: Le jour de sa mort<br \/>\nDaniel Vuataz: L&rsquo;incident<br \/>\nUte Heidmann &amp; Jean-Michel Adam: Une recherche interdisciplinaire sur la textualit\u00e9 et l&rsquo;intertextualit\u00e9 des contes<br \/>\nAndr\u00e9 Ourednik: Die Letzte, ou le changement de sexe<br \/>\nElodie Glerum: Les soeurs de Laroch<br \/>\nSabine Dormond: Les ravisseurs de butin<br \/>\nJ\u00e9r\u00f4me Roniger: Mes mains comme des crabes sur le corps de ma voisine<br \/>\nHenry-Arnaud: Th\u00e9venet Blanche<br \/>\nRobin Tecon: Havfrue<br \/>\nClaudine Gaetzi: Conte ordinaire<br \/>\nMaximilien Stauber: Variations sur une r\u00e9volte populaire<br \/>\nC\u00e9line Prior: Il \u00e9tait trois fois<\/p>\n<p><a href=\"https:\/\/www.asso-unil.ch\/archipel\/files\/2010\/10\/archip00291.jpg\"><img loading=\"lazy\" decoding=\"async\" src=\"https:\/\/www.asso-unil.ch\/archipel\/files\/2010\/10\/archip00291.jpg\" alt=\"\" width=\"120\" height=\"200\" \/><\/a><\/p>\n<p><strong>Clos-de-la-Sorge (n\u00b029, 2008)<\/strong><\/p>\n<p>Dimitri Jaunin: L&rsquo;Instant Originel<br \/>\nEve-Line Berthod: Liqueurs am\u00e8res<br \/>\nManon Saudan: Lavaux express<br \/>\nLaurence Gauvin: P\u00e9ril en la demeure<br \/>\nGilles Burnand: Voies<br \/>\nPascal Gerber: La survenue des choses<br \/>\nSarah Jost: Les couvreurs tombent aussi de leur toit<br \/>\nJulie Henoch: L&rsquo;homme-nuit<br \/>\nJ\u00e9r\u00f4me Roniger: La femme rouge et la femme bleue<br \/>\nKatia Belkhodja: La ville \u00e9tait encore l\u00e0<\/p>\n<p><a href=\"https:\/\/www.asso-unil.ch\/archipel\/files\/2010\/10\/archip0028.jpg\"><img loading=\"lazy\" decoding=\"async\" src=\"https:\/\/www.asso-unil.ch\/archipel\/files\/2010\/10\/archip0028.jpg\" alt=\"\" width=\"124\" height=\"199\" \/><\/a><\/p>\n<p><strong>Sous scell\u00e9s (N\u00b028, 2006)<\/strong><\/p>\n<p>Emmanuelle Urien: Enqu\u00eate sous cloche<br \/>\nF\u00e9lix Monnier: Rien qu&rsquo;un petit tas de mis\u00e8res!<br \/>\nAlain Emery: Hollywood Bull Dog<br \/>\nFlorence Onur: Demi-r\u00e9ussite<br \/>\nEmmanuel Barraud: Au contour<br \/>\nJean Kaempfer: Style et violence dans \u00d4 dingos, \u00f4 ch\u00e2teaux de Jean-Patrick Manchette (avec un prologue)<br \/>\nRobin Tecon: A la carte<br \/>\nMarc Desplos: Meurtre \u00e0 la crosse ou le violon d&rsquo;Ingres<br \/>\nMatthias Urban: Au caf\u00e9 Romand<br \/>\nReynald Freudiger: (Un accident domestique)<br \/>\nAndr\u00e9 Vanoncini: Autant en emporte le Rhin: la transgression des fronti\u00e8res dans les romans policiers de Hansj\u00f6rg Schneider<br \/>\nAndr\u00e9 Ourednik: Dessous<br \/>\nSamuel Witter: \u00c9pilogue<\/p>\n<p><a href=\"https:\/\/www.asso-unil.ch\/archipel\/files\/2010\/10\/archip0027.jpg\"><img loading=\"lazy\" decoding=\"async\" src=\"https:\/\/www.asso-unil.ch\/archipel\/files\/2010\/10\/archip0027.jpg\" alt=\"\" width=\"124\" height=\"193\" \/><\/a><\/p>\n<p><strong>Moiti\u00e9-moiti\u00e9 (n\u00b027, 2005)<\/strong><\/p>\n<p>C\u00e9line Prior: Crucifer<br \/>\nTh\u00e9r\u00e8se Moreau: Elle est une \u00eele (Inventaire au f\u00e9minin, Une Ile \u00e0 Soi, Recette pour une \u00eele flottante)<br \/>\nMarius Daniel Popescu: Pri\u00e8re de ne pas \u00e9crire sur les ampoules<br \/>\nSimon Koch: M\u00e9mento<br \/>\nNathalie Clavel: Ch\u00e8re Helv\u00e9tie<br \/>\nAdrien B\u00fcrki: Cantique Suisse<br \/>\nLaura Ferilli: La Suisse multiculturelle et multilingue : mythe fondateur?<br \/>\nArchipel: Moiti\u00e9-Moiti\u00e9 a failli s&rsquo;appeler&#8230;<br \/>\nM\u00e9lanie Pitteloud: Des routes<br \/>\nAline Moser: Pierre<br \/>\nMarc Desplos: Quelques visages de Pierre Mopey<br \/>\nAlain Emery: Barbares<br \/>\nB\u00e9n\u00e9dicte Gandois: Mane Aestate decedante<\/p>\n<p><a href=\"https:\/\/www.asso-unil.ch\/archipel\/files\/2010\/10\/archip0026big.jpg\"><img loading=\"lazy\" decoding=\"async\" src=\"https:\/\/www.asso-unil.ch\/archipel\/files\/2010\/10\/archip0026big-185x300.jpg\" alt=\"\" width=\"112\" height=\"181\" \/><\/a><\/p>\n<p><strong>Fruits d\u00e9fendus (n\u00b026, 2004)<\/strong><\/p>\n<p>David Genillard: Et vidit quod esset bonum<br \/>\nZoltan Szabo: Alors s&rsquo;il te pla\u00eet petit, mets le pot au feu<br \/>\nEmmanuelle Urien: S\u00e9vices compris<br \/>\nJean-Claude M\u00fchlethaler: L&rsquo;amoureuse cuisine &#8211; Notes en marge du rondeau 277 de Charles d&rsquo;Orl\u00e9ans<br \/>\nSarah Duperrex: Le D\u00e9gustateur<br \/>\nChristophe Schenk: Consomm\u00e9 urbain<br \/>\nTania Brasseur Wibaut: Colette ou l&rsquo;\u00e9criture incarn\u00e9e<br \/>\nC\u00e9line Prior: Pom, ma ch\u00e8re<br \/>\nAdrien B\u00fcrki: \u00c0 propos d&rsquo;une tentative de R\u00e9forme dans les Alpes valaisannes &#8211; Notes sur une controverse culinaire retrouv\u00e9e<\/p>\n<p><a href=\"https:\/\/www.asso-unil.ch\/archipel\/files\/2010\/10\/archip0025big.jpg\"><img loading=\"lazy\" decoding=\"async\" src=\"https:\/\/www.asso-unil.ch\/archipel\/files\/2010\/10\/archip0025big-181x300.jpg\" alt=\"\" width=\"116\" height=\"181\" \/><\/a><\/p>\n<p><strong>Confluences, (n\u00b025, 2004)<\/strong><\/p>\n<p>Adrien B\u00fcrki: Vouloir \u00eatre un autre, y parvenir de temps en temps<br \/>\nMarc Desplos: Monde en creux de l&rsquo;imagination sans bouche Le po\u00e8me des mots retenus menac\u00e9 par un cri<br \/>\nDavid von Ritter: Rang\u00e9e d&rsquo;\u00e9chos cousus (\u00e0 la bouche) ou le ma\u00eetre nageur<br \/>\nMarc Bonetto: Sous le regard des \u00e9toiles<br \/>\nAline Jeannet: Une ville<br \/>\nIsabelle Rickenbach: Jour de sable<br \/>\nSybil Bolli: Ainsi s&rsquo;ach\u00e8ve<br \/>\nGa\u00ebl M\u00e9troz: Mat<br \/>\nFlorence Onur: Papier, caillou, ciseaux<\/p>\n<p><a href=\"https:\/\/www.asso-unil.ch\/archipel\/files\/2010\/10\/archip0024.jpg\"><img loading=\"lazy\" decoding=\"async\" src=\"https:\/\/www.asso-unil.ch\/archipel\/files\/2010\/10\/archip0024.jpg\" alt=\"\" width=\"124\" height=\"193\" \/><\/a><\/p>\n<p><strong>\u00celes sur le toit du monde (n\u00b024, 2003)<\/strong><\/p>\n<p>Patrick Gyger: Pr\u00e9face : un archipel du r\u00eave ?<br \/>\nFrancis Val\u00e9ry: A propos d&rsquo;Arthur Rimbaud et de \u00ab\u00a0la Cit\u00e9 entre les Mondes\u00a0\u00bb<br \/>\nDavid Ruzicka: [var=?]<br \/>\nFran\u00e7ois Rouiller: Homo delator<br \/>\nVincent Gessler: La d\u00e9esse blanche<br \/>\nAndr\u00e9 Ourednik: Apr\u00e8s<br \/>\nSimon Koch: La machine<br \/>\nFr\u00e9d\u00e9ric Jaccaud: L&rsquo;animal de compagnie<br \/>\nJean-Fran\u00e7ois Thomas: Le Recruteur<br \/>\nLaurence Scheurer: + d&rsquo;amour<br \/>\nLaurence Rodriguez: Divergences<br \/>\nBertrand Graz: Boullotton, \u00e2me \u00e9lectronique<br \/>\nThomas Sandoz: Les instants math\u00e9matiques. Feuillets d&rsquo;un carnet d&rsquo;errance<\/p>\n<p><a href=\"https:\/\/www.asso-unil.ch\/archipel\/files\/2010\/10\/archip0023big.jpg\"><img loading=\"lazy\" decoding=\"async\" src=\"https:\/\/www.asso-unil.ch\/archipel\/files\/2010\/10\/archip0023big-181x300.jpg\" alt=\"\" width=\"118\" height=\"192\" \/><\/a><\/p>\n<p><strong>Homographies (n\u00b023, 2003)<\/strong><\/p>\n<p>Richard Tanniger: \u00abLitterature gay\u00bb: genre d\u00e9fini ou strat\u00e9gie \u00e9ditoriale?<br \/>\nMyriam Schleiss: A corps perdu<br \/>\nNicolas Balutet: \u00d4 Mots, \u00eates-vous sexuels?<br \/>\nOlivier Sillig: La lumi\u00e8re bleue<br \/>\nPhilippe Steiner: Songe mon songe<br \/>\nRichard Garzarolli: Une litt\u00e9rature gay est-elle possible en Suisse romande?<br \/>\nCy Jung: Comment lui dire?<br \/>\nJulien Burri: Po\u00e8mes<br \/>\nJ\u00e9r\u00f4me David: Po\u00e9tique du porno mi\u00e8vre<br \/>\nBillyBoy*: L&rsquo;herbe coup\u00e9e<br \/>\nGa\u00ebtan Faucer: Pierre<br \/>\nFr\u00e9d\u00e9ric Vallotton: L&rsquo;autofiction est-elle un genre typiquement gay?<\/p>\n<p><a href=\"https:\/\/www.asso-unil.ch\/archipel\/files\/2010\/10\/archip0022.jpg\"><img loading=\"lazy\" decoding=\"async\" src=\"https:\/\/www.asso-unil.ch\/archipel\/files\/2010\/10\/archip0022.jpg\" alt=\"\" width=\"124\" height=\"196\" \/><\/a><\/p>\n<p><strong>Floraisons (n\u00b022, 2003)<\/strong><\/p>\n<p>C\u00e9line Prior: Le bouquet du banquet<br \/>\nAline Moser: Au grain de ta peau<br \/>\nYoanna Raccimolo: Et si les champs de tabac&#8230;<br \/>\nFanny Vaucher: \u00ab crasse \/ pour m\u00eame si ne pas \u00bb<br \/>\nCyrille Fran\u00e7ois: Suoma<br \/>\nDavid Haldimann: Amandine et les fourmis malodorantes<br \/>\nJulie Tai: En pr\u00e9sence d&rsquo;esprits<br \/>\nAndr\u00e9 Ourednik: Lettre de d\u00e9mission<br \/>\nRoland Nadaus: Po\u00e8mes m\u00e9dicaux, m\u00e9dicinaux &amp; pharmaceutiques<\/p>\n<p><a href=\"https:\/\/www.asso-unil.ch\/archipel\/files\/2010\/10\/archip0021.jpg\"><img loading=\"lazy\" decoding=\"async\" src=\"https:\/\/www.asso-unil.ch\/archipel\/files\/2010\/10\/archip0021.jpg\" alt=\"\" width=\"124\" height=\"196\" \/><\/a><\/p>\n<p><strong>Saveurs de l&rsquo;esquisse (n\u00b021, 2001)<\/strong><\/p>\n<p>St\u00e9phane Berney: Chaque nouveau monde<br \/>\nAlain Freudiger: Le temps des c(e)rises<br \/>\nAndr\u00e9 Ourednik: La l\u00e9gende du poisson g\u00e9ant<br \/>\nFilippo Zanghi: Presquemonde<br \/>\nKararzyna Gornik: Un coiffeur \u00e0 L.<br \/>\nChristophe Schenk: Dimanche triste<br \/>\nAlexandra Bugnon: Ch\u00e2teaux de sable<br \/>\nAnne-Laure Sahy: A deux pas de la gare<br \/>\nAdrien B\u00fcrki: Un pied dans la tombe<\/p>\n<p><a href=\"https:\/\/www.asso-unil.ch\/archipel\/files\/2010\/10\/archip0020.jpg\"><img loading=\"lazy\" decoding=\"async\" src=\"https:\/\/www.asso-unil.ch\/archipel\/files\/2010\/10\/archip0020.jpg\" alt=\"\" width=\"124\" height=\"203\" \/><\/a><\/p>\n<p><strong>Voyage litt\u00e9raire dans une Inde m\u00e9connue (n\u00b020, 2001)<\/strong><\/p>\n<p>Nicola Pozza: La nouvelle hindi<br \/>\nPremcand: Le suaire<br \/>\nJay Shankar Pras\u00e2d: Le petit magicien<br \/>\nG. J. Muktibodh: L&rsquo;\u00e9l\u00e8ve du Bramar\u00e2kshasa<br \/>\nMohan Rakesh: Une autre vie<br \/>\nUsh\u00e2 Priyamvad\u00e2: Le retour<br \/>\nSusham Bedi: Le rythme de la rue<\/p>\n<p><a href=\"https:\/\/www.asso-unil.ch\/archipel\/files\/2010\/10\/archip0019.jpg\"><img loading=\"lazy\" decoding=\"async\" src=\"https:\/\/www.asso-unil.ch\/archipel\/files\/2010\/10\/archip0019-183x300.jpg\" alt=\"\" width=\"117\" height=\"187\" \/><\/a><\/p>\n<p><strong>\u00c0 quoi bon la litt\u00e9rature? (n\u00b019, 2000)<\/strong><\/p>\n<p>Philippe Delaveau: In\u00e9puisable gr\u00e2ce de l&rsquo;ordinaire<br \/>\nClaire Genoux: Lire pour \u00eatre libre<br \/>\nJean-Michel Adam: A quoi bon enseigner la litt\u00e9rature? Parce que c&rsquo;est bon pour la langue, et pour \u00ab donner forme \u00e0 l&rsquo;esprit \u00bb<br \/>\nMarc Petit: Ecrire n&rsquo;est pas traduire, mais inventer. A quoi bon la litt\u00e9rature?<br \/>\nJean Kaempfer: Pierre Michon, le T\u00e9moin (pr\u00e9c\u00e9d\u00e9 d&rsquo;un prologue)<br \/>\nAntoine Duplan: \u00d4 maisons de papier<br \/>\nJ\u00e9r\u00f4me Meizoz: Pouvoir des fictions<br \/>\nJude St\u00e9fan: R\u00e9ponse.CV<br \/>\nMichel Butor: Proses et po\u00e8mes<br \/>\nJacques Chessex: Si je me dissous<br \/>\nJean Pache: Deux petits riens<br \/>\nMarion Graf: Deux jeunes po\u00e8tes p\u00e9tersbourgeois<br \/>\nDenis Datechidz\u00e9: (sans titre)<br \/>\nAlexandre Skidan: Scolies<\/p>\n","protected":false},"excerpt":{"rendered":"<p>\u00ab\u00a0Vive Chappaz!\u00a0\u00bb (n\u00b032, d\u00e9cembre 2009) Bastien Fournier: Maurice Chappaz Jacques Chessex: Ode \u00e0 Maurice Chappaz Maurice Chappaz\/Corinna Bille: \u00ab Je n\u2019ai pas envie de dormir, aussi je vous&hellip;<\/p>\n","protected":false},"author":11,"featured_media":0,"parent":0,"menu_order":7,"comment_status":"closed","ping_status":"closed","template":"","meta":{"_seopress_robots_primary_cat":"","_seopress_titles_title":"","_seopress_titles_desc":"","_seopress_robots_index":"","footnotes":""},"class_list":["post-62","page","type-page","status-publish","has-post-thumbnail"],"_links":{"self":[{"href":"https:\/\/www.asso-unil.ch\/archipel\/wp-json\/wp\/v2\/pages\/62","targetHints":{"allow":["GET"]}}],"collection":[{"href":"https:\/\/www.asso-unil.ch\/archipel\/wp-json\/wp\/v2\/pages"}],"about":[{"href":"https:\/\/www.asso-unil.ch\/archipel\/wp-json\/wp\/v2\/types\/page"}],"author":[{"embeddable":true,"href":"https:\/\/www.asso-unil.ch\/archipel\/wp-json\/wp\/v2\/users\/11"}],"replies":[{"embeddable":true,"href":"https:\/\/www.asso-unil.ch\/archipel\/wp-json\/wp\/v2\/comments?post=62"}],"version-history":[{"count":0,"href":"https:\/\/www.asso-unil.ch\/archipel\/wp-json\/wp\/v2\/pages\/62\/revisions"}],"wp:attachment":[{"href":"https:\/\/www.asso-unil.ch\/archipel\/wp-json\/wp\/v2\/media?parent=62"}],"curies":[{"name":"wp","href":"https:\/\/api.w.org\/{rel}","templated":true}]}}