{"id":582,"date":"2017-06-06T15:13:35","date_gmt":"2017-06-06T13:13:35","guid":{"rendered":"http:\/\/www.asso-unil.ch\/archipel\/?page_id=582"},"modified":"2018-06-11T12:04:30","modified_gmt":"2018-06-11T10:04:30","slug":"affoler-la-langue","status":"publish","type":"page","link":"https:\/\/www.asso-unil.ch\/archipel\/affoler-la-langue\/","title":{"rendered":"Affoler la langue"},"content":{"rendered":"<p><a href=\"https:\/\/www.asso-unil.ch\/archipel\/files\/2017\/06\/Archipel37CouvA.jpg\"><img alt=\"\" loading=\"lazy\" decoding=\"async\" class=\"alignnone size-medium wp-image-583\" src=\"https:\/\/www.asso-unil.ch\/archipel\/files\/2017\/06\/Archipel37CouvA-175x300.jpg\" alt=\"\" width=\"175\" height=\"300\" srcset=\"https:\/\/www.asso-unil.ch\/archipel\/files\/2017\/06\/Archipel37CouvA-175x300.jpg 175w, https:\/\/www.asso-unil.ch\/archipel\/files\/2017\/06\/Archipel37CouvA-596x1024.jpg 596w, https:\/\/www.asso-unil.ch\/archipel\/files\/2017\/06\/Archipel37CouvA.jpg 699w\" sizes=\"auto, (max-width: 175px) 100vw, 175px\" \/><\/a><\/p>\n<p><strong>Affoler la langue<\/strong><br \/>\n<strong>\u00c9crits bruts, Antonin Artaud, Henri Michaux<\/strong><\/p>\n<p>Sous la direction scientifique de Vincent Capt<br \/>\nEn co-\u00e9dition avec la Collection de l\u2019Art Brut, Lausanne<\/p>\n<p>&nbsp;<\/p>\n<p>Vincent Capt, <em>Introduction<\/em><br \/>\nG\u00e9rard Dessons,<em> Inacceptable mani\u00e8re. Qu\u2019est-ce qu\u2019une \u0153uvre folle?<\/em><\/p>\n<p><strong>Les \u00c9crits bruts<\/strong><\/p>\n<p>Sarah Lombardi, <em>Note \u00e0 propos du statut des \u00e9crits conserv\u00e9s \u00e0 la Collection de l\u2019Art Brut<\/em><br \/>\nVincent Capt &amp; Denise Mammino, <em>\u00c9crire au c\u0153ur de la peinture: Giovanni Bosco<\/em><br \/>\nThibaut Vaillancourt, <em>Henri Bessaud, en \u00e9cho \u00e0 sa mani\u00e8re<\/em><\/p>\n<p><strong>Antonin Artaud<\/strong><\/p>\n<p>Jean-Michel Adam, <em>De \u00abl\u2019entreprise anti-grammaticale contre Lewis Carroll\u00bb d\u2019Antonin Artaud \u00e0 ses \u00abessais de langage\u00bb<\/em><br \/>\nVincent Capt, <em>Le Souffle et la glue. Corps \u00e0 corps avec les glossolalies d\u2019Antonin Artaud<\/em><br \/>\nBesiana Camaj, <em>Du signe \u00e0 Dieu : po\u00e9tique de l\u2019ambigu\u00eft\u00e9 dans les cahiers de Rodez d\u2019Antonin Artaud<\/em><\/p>\n<p><strong>Henri Michaux<\/strong><\/p>\n<p>J\u00e9r\u00f4me Roger, <em>\u00abDans un l\u00e9ger vacillement de la v\u00e9rit\u00e9\u00bb. Trois lectures de <\/em>La Nuit remue<em> d\u2019Henri Michaux<\/em><br \/>\nAlice Bottarelli, <em>Fragments de corps: font \u00e9merger l\u2019organisme. Po\u00e9tique du vivant des \u00abMouvements\u00bb d\u2019Henri Michaux<\/em><br \/>\nElodie S\u00e1nchez, <em>Henri Michaux, coup de pied au pr\u00eat-\u00e0-penser<\/em>. Une analyse s\u00e9mantico-lexicale des Tranches de savoir<\/p>\n<p><strong>Poursuite<\/strong><\/p>\n<p>Andr\u00e9as Becker, <em>J\u2019encore<\/em><\/p>\n<p><strong>La Sorge<\/strong><\/p>\n<p>Sotiris Paris Kiritsis, <em>Po\u00e9matique<\/em><br \/>\nAndrey Vanenkov, <em>Le Contrat des hypocrites<\/em><br \/>\nC\u00e9cile Racine, <em>La Chatte de c\u00f4telette<\/em><\/p>\n","protected":false},"excerpt":{"rendered":"<p>Affoler la langue \u00c9crits bruts, Antonin Artaud, Henri Michaux Sous la direction scientifique de Vincent Capt En co-\u00e9dition avec la Collection de l\u2019Art Brut, Lausanne &nbsp; Vincent Capt,&hellip;<\/p>\n","protected":false},"author":11,"featured_media":0,"parent":0,"menu_order":2,"comment_status":"closed","ping_status":"closed","template":"","meta":{"_seopress_robots_primary_cat":"","_seopress_titles_title":"","_seopress_titles_desc":"","_seopress_robots_index":"","footnotes":""},"class_list":["post-582","page","type-page","status-publish","has-post-thumbnail"],"_links":{"self":[{"href":"https:\/\/www.asso-unil.ch\/archipel\/wp-json\/wp\/v2\/pages\/582","targetHints":{"allow":["GET"]}}],"collection":[{"href":"https:\/\/www.asso-unil.ch\/archipel\/wp-json\/wp\/v2\/pages"}],"about":[{"href":"https:\/\/www.asso-unil.ch\/archipel\/wp-json\/wp\/v2\/types\/page"}],"author":[{"embeddable":true,"href":"https:\/\/www.asso-unil.ch\/archipel\/wp-json\/wp\/v2\/users\/11"}],"replies":[{"embeddable":true,"href":"https:\/\/www.asso-unil.ch\/archipel\/wp-json\/wp\/v2\/comments?post=582"}],"version-history":[{"count":0,"href":"https:\/\/www.asso-unil.ch\/archipel\/wp-json\/wp\/v2\/pages\/582\/revisions"}],"wp:attachment":[{"href":"https:\/\/www.asso-unil.ch\/archipel\/wp-json\/wp\/v2\/media?parent=582"}],"curies":[{"name":"wp","href":"https:\/\/api.w.org\/{rel}","templated":true}]}}