{"id":561,"date":"2017-06-06T12:30:12","date_gmt":"2017-06-06T10:30:12","guid":{"rendered":"http:\/\/www.asso-unil.ch\/archipel\/?page_id=561"},"modified":"2018-06-11T12:04:38","modified_gmt":"2018-06-11T10:04:38","slug":"la-ville-mode-demploi","status":"publish","type":"page","link":"https:\/\/www.asso-unil.ch\/archipel\/la-ville-mode-demploi\/","title":{"rendered":"La ville, mode d&#8217;emploi"},"content":{"rendered":"<p><a href=\"https:\/\/www.asso-unil.ch\/archipel\/files\/2017\/06\/36.png\"><img alt=\"\" loading=\"lazy\" decoding=\"async\" class=\"alignnone size-medium wp-image-562\" src=\"https:\/\/www.asso-unil.ch\/archipel\/files\/2017\/06\/36-185x300.png\" alt=\"\" width=\"185\" height=\"300\" srcset=\"https:\/\/www.asso-unil.ch\/archipel\/files\/2017\/06\/36-185x300.png 185w, https:\/\/www.asso-unil.ch\/archipel\/files\/2017\/06\/36.png 500w\" sizes=\"auto, (max-width: 185px) 100vw, 185px\" \/><br \/>\n(Archipel 36, d\u00e9cembre 2013)<br \/>\n<\/a><\/p>\n<p><strong>Le Cahier<br \/>\n<\/strong>Marius Daniel Popescu, <em>Larousse ferrailleur<\/em><br \/>\nBaptiste Gaillard, <em>Desire et Florida<\/em><br \/>\nDavid Collin, <em>D\u00e9rives<\/em><br \/>\nAlain Freudiger, <em>Tentative d&rsquo;\u00e9puisement d&rsquo;un lieu lausannois (Le Puisatier)<\/em><br \/>\nAndr\u00e9 Ourednik, <em>Tentative d&rsquo;\u00e9puisement de l&rsquo;Europe<\/em><br \/>\nLaure Mi Hyun Croset, <em>\u00c9puisement d&rsquo;un lieu lausannois<\/em><\/p>\n<p><strong>Poursuite<\/strong><br \/>\nJo\u00ebl Maillard, <em>Ne plus rien dire<\/em><\/p>\n<p><strong>Cabaret litt\u00e9raire<\/strong><br \/>\nJean Kaempfer, <em>Albertine retrouv\u00e9e (\u00e0 P\u00e9ry-Reuchenette)<\/em><br \/>\nGaspard Turin, <em>Au Lapin-Vert<\/em><br \/>\n\u00c9tienne Barilier, <em>Pully-Nord ou Pully-Village<\/em><br \/>\nFran\u00e7ois Rosset, <em>Mission \u00e0 Sofia<\/em><br \/>\nJ\u00e9r\u00f4me David, <em>\u00c9l\u00e9ments de Mimie-mathylogie<\/em><br \/>\nAdrien B\u00fcrki, <em>Prends-moi! Rudiments d&rsquo;une approche amoureuse de l&rsquo;auto-stop<\/em><br \/>\nAlain Corbellari, <em>Chapitres choisis d&rsquo;un petit cours de langue et litt\u00e9rature m\u00e9di\u00e9vales \u00e0 la mani\u00e8re de Pierre Desproges<\/em><\/p>\n<p><strong>La Sorge<\/strong><br \/>\nAlexandre Grandjean, <em>Vie et mort d&rsquo;un clochard dans la City<\/em><br \/>\nSimon Falquet, <em>Ferraille<\/em><br \/>\nJos\u00e9 Miguel Sanhueza Hidalgo, <em>Un apr\u00e8s-midi \u00e0 la gare<\/em><\/p>\n","protected":false},"excerpt":{"rendered":"<p>(Archipel 36, d\u00e9cembre 2013) Le Cahier Marius Daniel Popescu, Larousse ferrailleur Baptiste Gaillard, Desire et Florida David Collin, D\u00e9rives Alain Freudiger, Tentative d&rsquo;\u00e9puisement d&rsquo;un lieu lausannois (Le Puisatier)&hellip;<\/p>\n","protected":false},"author":11,"featured_media":0,"parent":0,"menu_order":3,"comment_status":"closed","ping_status":"closed","template":"","meta":{"_seopress_robots_primary_cat":"","_seopress_titles_title":"","_seopress_titles_desc":"","_seopress_robots_index":"","footnotes":""},"class_list":["post-561","page","type-page","status-publish","has-post-thumbnail"],"_links":{"self":[{"href":"https:\/\/www.asso-unil.ch\/archipel\/wp-json\/wp\/v2\/pages\/561","targetHints":{"allow":["GET"]}}],"collection":[{"href":"https:\/\/www.asso-unil.ch\/archipel\/wp-json\/wp\/v2\/pages"}],"about":[{"href":"https:\/\/www.asso-unil.ch\/archipel\/wp-json\/wp\/v2\/types\/page"}],"author":[{"embeddable":true,"href":"https:\/\/www.asso-unil.ch\/archipel\/wp-json\/wp\/v2\/users\/11"}],"replies":[{"embeddable":true,"href":"https:\/\/www.asso-unil.ch\/archipel\/wp-json\/wp\/v2\/comments?post=561"}],"version-history":[{"count":0,"href":"https:\/\/www.asso-unil.ch\/archipel\/wp-json\/wp\/v2\/pages\/561\/revisions"}],"wp:attachment":[{"href":"https:\/\/www.asso-unil.ch\/archipel\/wp-json\/wp\/v2\/media?parent=561"}],"curies":[{"name":"wp","href":"https:\/\/api.w.org\/{rel}","templated":true}]}}