{"id":48,"date":"2010-10-28T22:49:17","date_gmt":"2010-10-28T20:49:17","guid":{"rendered":"http:\/\/www3.unil.ch\/wpmu\/archipel\/"},"modified":"2019-06-24T10:10:38","modified_gmt":"2019-06-24T08:10:38","slug":"m-r","status":"publish","type":"page","link":"https:\/\/www.asso-unil.ch\/archipel\/les-auteurs-publies\/m-r\/","title":{"rendered":"M-R"},"content":{"rendered":"<table border=\"1\" cellspacing=\"0\" cellpadding=\"2\" width=\"100%\">\n<tbody>\n<tr>\n<td valign=\"top\">Maillard<\/td>\n<td valign=\"top\">Pierre-Yves<\/td>\n<td valign=\"top\">Sous les ratures de Jean-Paul Sartre<\/td>\n<td valign=\"top\">No 10, Eppur si scrive, \u00e9critures philosophiques, mai 1995<\/td>\n<\/tr>\n<tr>\n<td valign=\"top\">Maulpoix<\/td>\n<td valign=\"top\">Jean-Michel<\/td>\n<td valign=\"top\">Apologie du texte bref<\/td>\n<td valign=\"top\">No 6-7, Soyons brefs, f\u00e9vrier 1993<\/td>\n<\/tr>\n<tr>\n<td valign=\"top\">Meier<\/td>\n<td valign=\"top\">S\u00e9bastien<\/td>\n<td valign=\"top\">Questions de travail<\/td>\n<td valign=\"top\">No 40, Titre de travail, 2018<\/td>\n<\/tr>\n<tr>\n<td valign=\"top\">Meizoz<\/td>\n<td valign=\"top\">J\u00e9r\u00f4me<\/td>\n<td valign=\"top\">Les paroles \u00e9vad\u00e9es : rumeurs et potins<\/td>\n<td valign=\"top\">No 4, Litt\u00e9rature et faits divers, d\u00e9cembre 1991<\/td>\n<\/tr>\n<tr>\n<td valign=\"top\">Meizoz<\/td>\n<td valign=\"top\">Jer\u00f4me<\/td>\n<td valign=\"top\">Pouvoir des fictions<\/td>\n<td valign=\"top\">No 19, A quoi bon la litt\u00e9rature?, d\u00e9cembre 2000<\/td>\n<\/tr>\n<tr>\n<td valign=\"top\">Meizoz<\/td>\n<td valign=\"top\">J\u00e9r\u00f4me<\/td>\n<td valign=\"top\">Questions de travail<\/td>\n<td valign=\"top\">No 40, Titre de travail, 2018<\/td>\n<\/tr>\n<tr>\n<td valign=\"top\">Meiltz<\/td>\n<td valign=\"top\">Eug\u00e8ne<\/td>\n<td valign=\"top\">(voir sous \u00ab\u00a0Eug\u00e8ne\u00a0\u00bb)<\/td>\n<td valign=\"top\">No 21, Saveurs de l&rsquo;esquisse, d\u00e9cembre 2001<\/td>\n<\/tr>\n<tr>\n<td valign=\"top\">Mejia<\/td>\n<td valign=\"top\">Emmanuel<\/td>\n<td valign=\"top\">N\u00e9gativit\u00e9 et diff\u00e9rence<\/td>\n<td valign=\"top\">No 14, Figures du multiple. Sur Deleuze &#8211; et Guattari, d\u00e9cembre 1997<\/td>\n<\/tr>\n<tr>\n<td valign=\"top\">M\u00e9troz<\/td>\n<td valign=\"top\">Ga\u00ebl<\/td>\n<td valign=\"top\">Mat<\/td>\n<td valign=\"top\">No 25, Confluences, janvier 2004<\/td>\n<\/tr>\n<tr>\n<td valign=\"top\">Meyer<\/td>\n<td valign=\"top\">Christophe<\/td>\n<td valign=\"top\">Les prairies indicibles<\/td>\n<td valign=\"top\">No 13, Prix de la Sorge 1996, mai 1997<\/td>\n<\/tr>\n<tr>\n<td valign=\"top\">Mini\u00e8re<\/td>\n<td valign=\"top\">Claude<\/td>\n<td valign=\"top\">Sur un bouquet d&rsquo;oeillets<\/td>\n<td valign=\"top\">No 6-7, Soyons brefs, f\u00e9vrier 1993<\/td>\n<\/tr>\n<tr>\n<td valign=\"top\">Monnier<\/td>\n<td valign=\"top\">F\u00e9lix<\/td>\n<td valign=\"top\">Rien qu&rsquo;un petit tas de mis\u00e8res!<\/td>\n<td valign=\"top\">No 28, Sous scell\u00e9s, juin 2007<\/td>\n<\/tr>\n<tr>\n<td valign=\"top\">Monod<\/td>\n<td valign=\"top\">Nicolas<\/td>\n<td valign=\"top\">Entracte (hors d&rsquo;oeuvre)<\/td>\n<td valign=\"top\">No 11-12, Prix de la Sorge 1995, f\u00e9vrier 1996<\/td>\n<\/tr>\n<tr>\n<td valign=\"top\">Moreau<\/td>\n<td valign=\"top\">Th\u00e9r\u00e8se<\/td>\n<td valign=\"top\">Elle est une \u00eele (Inventaire au f\u00e9minin, Une \u00cele \u00e0 Soi, Recette pour une \u00eele flottante)<\/td>\n<td valign=\"top\">No 27, Moiti\u00e9-moiti\u00e9, d\u00e9cembre 2005<\/td>\n<\/tr>\n<tr>\n<td valign=\"top\">Moret<\/td>\n<td valign=\"top\">Philippe<\/td>\n<td valign=\"top\">La parole en archipel<\/td>\n<td valign=\"top\">No 6-7, Soyons brefs, f\u00e9vrier 1993<\/td>\n<\/tr>\n<tr>\n<td valign=\"top\">Moret<\/td>\n<td valign=\"top\">Philippe<\/td>\n<td valign=\"top\">L&rsquo;\u00e9criture fragmentale de Pierre-Albert Jourdan<\/td>\n<td valign=\"top\">No 6-7, Soyons brefs, f\u00e9vrier 1993<\/td>\n<\/tr>\n<tr>\n<td valign=\"top\">Moret<\/td>\n<td valign=\"top\">Philippe<\/td>\n<td valign=\"top\">Cioran le m\u00e9t\u00e8que<\/td>\n<td valign=\"top\">No 6-7, Soyons brefs, f\u00e9vrier 1993<\/td>\n<\/tr>\n<tr>\n<td valign=\"top\">Moret<\/td>\n<td valign=\"top\">Philippe<\/td>\n<td valign=\"top\">Lire Malcolm de Chazal<\/td>\n<td valign=\"top\">No 6-7, Soyons brefs, f\u00e9vrier 1993<\/td>\n<\/tr>\n<tr>\n<td valign=\"top\">Moser<\/td>\n<td valign=\"top\">Aline<\/td>\n<td valign=\"top\">Au grain de ta peau<\/td>\n<td valign=\"top\">No 22, Floraisons, janvier 2003<\/td>\n<\/tr>\n<tr>\n<td valign=\"top\">Moser<\/td>\n<td valign=\"top\">Aline<\/td>\n<td valign=\"top\">Pierre<\/td>\n<td valign=\"top\">No 27, Moiti\u00e9-moiti\u00e9, d\u00e9cembre 2005<\/td>\n<\/tr>\n<tr>\n<td valign=\"top\">Mottaz<\/td>\n<td valign=\"top\">Olivier<\/td>\n<td valign=\"top\">L&rsquo;usine<\/td>\n<td valign=\"top\">No 13, Prix de la Sorge 1996, mai 1997<\/td>\n<\/tr>\n<tr>\n<td valign=\"top\">Muktibodh<\/td>\n<td valign=\"top\">G. J.<\/td>\n<td width=\"359\" valign=\"top\">L&rsquo;\u00e9l\u00e8ve du Bramar\u00e2kshasa<\/td>\n<td valign=\"top\">No 20, voyage litt\u00e9raire dans une Inde m\u00e9connue, d\u00e9cembre 2001<\/td>\n<\/tr>\n<tr>\n<td width=\"123\" valign=\"top\">M\u00fchlethaler<\/td>\n<td width=\"123\" valign=\"top\">Jean-Claude<\/td>\n<td width=\"359\" valign=\"top\">L&rsquo;amoureuse cuisine &#8211; Notes sur le rondeau 277 de Charles d&rsquo;Orl\u00e9ans<\/td>\n<td valign=\"top\">No 26, Fruits d\u00e9fendus, novembre 2004<\/td>\n<\/tr>\n<tr>\n<td valign=\"top\">Munier<\/td>\n<td valign=\"top\">Roger<\/td>\n<td valign=\"top\">(sans titre)<\/td>\n<td valign=\"top\">No 2, Sans titre, d\u00e9cembre 1990<\/td>\n<\/tr>\n<tr>\n<td valign=\"top\">Munier<\/td>\n<td valign=\"top\">Roger<\/td>\n<td valign=\"top\">L&rsquo;autre chant<\/td>\n<td valign=\"top\">No 6-7, Soyons brefs, f\u00e9vrier 1993<\/td>\n<\/tr>\n<tr>\n<td valign=\"top\">Munier<\/td>\n<td valign=\"top\">Roger<\/td>\n<td valign=\"top\">Entretien entre Roger Munier et Michel Camus<\/td>\n<td valign=\"top\">No 6-7, Soyons brefs, f\u00e9vrier 1993<\/td>\n<\/tr>\n<tr>\n<td colspan=\"4\" valign=\"top\"><\/td>\n<\/tr>\n<tr>\n<td valign=\"top\">Nadaus<\/td>\n<td valign=\"top\">Roland<\/td>\n<td valign=\"top\">Po\u00e8mes m\u00e9dicaux, m\u00e9dicinaux &amp; pharmaceutiques<\/td>\n<td valign=\"top\">No 22, Floraisons, janvier 2003<\/td>\n<\/tr>\n<tr>\n<td valign=\"top\">Nanchen<\/td>\n<td valign=\"top\">Dani\u00e8le<\/td>\n<td valign=\"top\">Potins<\/td>\n<td valign=\"top\">No 11-12, Prix de la Sorge 1995, f\u00e9vrier 1996<\/td>\n<\/tr>\n<tr>\n<td valign=\"top\">Nanchen<\/td>\n<td valign=\"top\">Danielle<\/td>\n<td valign=\"top\">M\u00e9canique<\/td>\n<td valign=\"top\">No 13, Prix de la Sorge 1996, mai 1997<\/td>\n<\/tr>\n<tr>\n<td valign=\"top\">Nicolet<\/td>\n<td valign=\"top\">Daniel<\/td>\n<td valign=\"top\">Immanence transhumaine<\/td>\n<td valign=\"top\">No 10, Eppur si scrive, \u00e9critures philosophiques, mai 1995<\/td>\n<\/tr>\n<tr>\n<td colspan=\"4\" valign=\"top\"><\/td>\n<\/tr>\n<tr>\n<td valign=\"top\">Oesch<\/td>\n<td valign=\"top\">Jean-Luc<\/td>\n<td valign=\"top\">Les deux miroirs<\/td>\n<td valign=\"top\">No 11-12, Prix de la Sorge 1995, f\u00e9vrier 1996<\/td>\n<\/tr>\n<tr>\n<td valign=\"top\">Oesch<\/td>\n<td valign=\"top\">Jean-Luc<\/td>\n<td valign=\"top\">Souverainet\u00e9, discipline, contr\u00f4le<\/td>\n<td valign=\"top\">No 14, Figures du multiple. Sur Deleuze &#8211; et Guattari, d\u00e9cembre 1997<\/td>\n<\/tr>\n<tr>\n<td valign=\"top\">Onur<\/td>\n<td valign=\"top\">Florence<\/td>\n<td valign=\"top\">Papier, caillou, ciseaux<\/td>\n<td valign=\"top\">No 25, Confluences, janvier 2004<\/td>\n<\/tr>\n<tr>\n<td valign=\"top\">Onur<\/td>\n<td valign=\"top\">Florence<\/td>\n<td valign=\"top\">Demi-r\u00e9ussite<\/td>\n<td valign=\"top\">No 28, Sous scell\u00e9s, juin 2007<\/td>\n<\/tr>\n<tr>\n<td valign=\"top\">Oriol-Boyer<\/td>\n<td valign=\"top\">Claudette<\/td>\n<td valign=\"top\">Architecture et litt\u00e9rature: parall\u00e9lisme et ambigu\u00eft\u00e9<\/td>\n<td valign=\"top\">No 9, Ecritures et architectures, d\u00e9cembre 1994<\/td>\n<\/tr>\n<tr>\n<td valign=\"top\">Oster Soussouev<\/td>\n<td valign=\"top\">Pierre<\/td>\n<td valign=\"top\">L&rsquo;attention de Dieu<\/td>\n<td valign=\"top\">No 6-7, Soyons brefs, f\u00e9vrier 1993<\/td>\n<\/tr>\n<tr>\n<td width=\"123\" valign=\"top\">Ourednik<\/td>\n<td width=\"123\" valign=\"top\">Andr\u00e9<\/td>\n<td width=\"359\" valign=\"top\">La l\u00e9gende du poisson g\u00e9ant<\/td>\n<td valign=\"top\">No 21, Saveurs de l&rsquo;esquisse, d\u00e9cembre 2001<\/td>\n<\/tr>\n<tr>\n<td width=\"123\" valign=\"top\">Ourednik<\/td>\n<td width=\"123\" valign=\"top\">Andr\u00e9<\/td>\n<td width=\"359\" valign=\"top\">Lettre de d\u00e9mission<\/td>\n<td valign=\"top\">No 22, Floraisons, janvier 2003<\/td>\n<\/tr>\n<tr>\n<td valign=\"top\">Ourednik<\/td>\n<td valign=\"top\">Andr\u00e9<\/td>\n<td valign=\"top\">Apr\u00e8s<\/td>\n<td valign=\"top\">No 24, \u00celes sur le toit du monde, novembre 2003<\/td>\n<\/tr>\n<tr>\n<td valign=\"top\">Ourednik<\/td>\n<td valign=\"top\">Andr\u00e9<\/td>\n<td valign=\"top\">Dessous<\/td>\n<td valign=\"top\">No 28, Sous scell\u00e9s, juin 2007<\/td>\n<\/tr>\n<tr>\n<td valign=\"top\">Ourednik<\/td>\n<td valign=\"top\">Andr\u00e9<\/td>\n<td valign=\"top\"><em>Die Letzte<\/em>, ou le changement de sexe<\/td>\n<td valign=\"top\">No 30, Contes, d\u00e9cembre 2008<\/td>\n<\/tr>\n<tr>\n<td colspan=\"4\" valign=\"top\"><\/td>\n<\/tr>\n<tr>\n<td valign=\"top\">Pache<\/td>\n<td valign=\"top\">Jean<\/td>\n<td valign=\"top\">Contrepoint<\/td>\n<td valign=\"top\">No 4, Litt\u00e9rature et faits divers, d\u00e9cembre 1991<\/td>\n<\/tr>\n<tr>\n<td valign=\"top\">Pache<\/td>\n<td valign=\"top\">Jean<\/td>\n<td valign=\"top\">Jardinesques<\/td>\n<td valign=\"top\">No 6-7, Soyons brefs, f\u00e9vrier 1993<\/td>\n<\/tr>\n<tr>\n<td valign=\"top\">Pache<\/td>\n<td valign=\"top\">Jean<\/td>\n<td valign=\"top\">Deux petits riens<\/td>\n<td valign=\"top\">No 19, A quoi bon la litt\u00e9rature?, d\u00e9cembre 2000<\/td>\n<\/tr>\n<tr>\n<td valign=\"top\">Paratte<\/td>\n<td valign=\"top\">Laurent<\/td>\n<td valign=\"top\">Souterraines<\/td>\n<td valign=\"top\">No 3, Hommage \u00e0 Jean-Charles Potterat, mai 1991<\/td>\n<\/tr>\n<tr>\n<td valign=\"top\">Paratte<\/td>\n<td valign=\"top\">Laurent<\/td>\n<td valign=\"top\">Notre maison<\/td>\n<td valign=\"top\">No 3, Hommage \u00e0 Jean-Charles Potterat, mai 1991<\/td>\n<\/tr>\n<tr>\n<td valign=\"top\">Paratte<\/td>\n<td valign=\"top\">Laurent<\/td>\n<td valign=\"top\">L&rsquo;arbre \u00e0 Cerise<\/td>\n<td valign=\"top\">No 3, Hommage \u00e0 Jean-Charles Potterat, mai 1991<\/td>\n<\/tr>\n<tr>\n<td valign=\"top\">Paratte<\/td>\n<td valign=\"top\">Laurent<\/td>\n<td valign=\"top\">Dessine-moi une bataille<\/td>\n<td valign=\"top\">No 8, R\u00e9cits de guerre, f\u00e9vrier 1994<\/td>\n<\/tr>\n<tr>\n<td valign=\"top\">Pedini<\/td>\n<td valign=\"top\">Jean-Baptiste<\/td>\n<td valign=\"top\">Jach\u00e8re<\/td>\n<td valign=\"top\">No 31, La Ville en ce jardin, juillet 2009<\/td>\n<\/tr>\n<tr>\n<td valign=\"top\">Peeters<\/td>\n<td valign=\"top\">Beno\u00eet<\/td>\n<td valign=\"top\">Cendres<\/td>\n<td valign=\"top\">No 9, Ecritures et architectures, d\u00e9cembre 1994<\/td>\n<\/tr>\n<tr>\n<td valign=\"top\">P\u00e9rez-G\u00f3mez<\/td>\n<td valign=\"top\">Alberto<\/td>\n<td valign=\"top\">Le cauchemar de Polia<\/td>\n<td valign=\"top\">No 9, Ecritures et architectures, d\u00e9cembre 1994<\/td>\n<\/tr>\n<tr>\n<td valign=\"top\">Perini<\/td>\n<td valign=\"top\">Dirk<\/td>\n<td valign=\"top\">Rhumeurs<\/td>\n<td valign=\"top\">No 15, Prix de la Sorge 1997, novembre 1998<\/td>\n<\/tr>\n<tr>\n<td valign=\"top\">Perini<\/td>\n<td valign=\"top\">Dirk<\/td>\n<td valign=\"top\">Po\u00e8mes<\/td>\n<td valign=\"top\">No 18, Prix de la Sorge 1999, avril 2000<\/td>\n<\/tr>\n<tr>\n<td valign=\"top\">Perrier<\/td>\n<td valign=\"top\">Anne<\/td>\n<td valign=\"top\">Oiseaux<\/td>\n<td valign=\"top\">No 3, Hommage \u00e0 Jean-Charles Potterat, mai 1991<\/td>\n<\/tr>\n<tr>\n<td valign=\"top\">Petit<\/td>\n<td valign=\"top\">Marc<\/td>\n<td valign=\"top\">Ecrire n&rsquo;est pas traduire, mais inventer<\/td>\n<td valign=\"top\">No 19, A quoi bon la litt\u00e9rature?, d\u00e9cembre 2000<\/td>\n<\/tr>\n<tr>\n<td valign=\"top\">Petit<\/td>\n<td valign=\"top\">Marc<\/td>\n<td valign=\"top\">A quoi bon la litt\u00e9rature?<\/td>\n<td valign=\"top\">No 19, A quoi bon la litt\u00e9rature?, d\u00e9cembre 2000<\/td>\n<\/tr>\n<tr>\n<td valign=\"top\">Pignat<\/td>\n<td valign=\"top\">C\u00e9dric<\/td>\n<td valign=\"top\">Le jour de sa mort<\/td>\n<td valign=\"top\">No 30, Contes, d\u00e9cembre 2008<\/td>\n<\/tr>\n<tr>\n<td valign=\"top\">Pin<\/td>\n<td valign=\"top\">St\u00e9phanie<\/td>\n<td valign=\"top\">Les enfants du n\u00e9ant<\/td>\n<td valign=\"top\">No 13, Prix de la Sorge 1996, mai 1997<\/td>\n<\/tr>\n<tr>\n<td valign=\"top\">Pirlot<\/td>\n<td valign=\"top\">Pierre-Olivier<\/td>\n<td valign=\"top\">L&rsquo;\u00e9rotisme comme pratique de soi<\/td>\n<td valign=\"top\">No 5, H\u00e9t\u00e9rotisme, mai 1992<\/td>\n<\/tr>\n<tr>\n<td valign=\"top\">Pitteloud<\/td>\n<td valign=\"top\">M\u00e9lanie<\/td>\n<td valign=\"top\">Des routes<\/td>\n<td valign=\"top\">No 27, Moiti\u00e9-moiti\u00e9, d\u00e9cembre 2005<\/td>\n<\/tr>\n<tr>\n<td valign=\"top\">Popescu<\/td>\n<td valign=\"top\">Marius Daniel<\/td>\n<td valign=\"top\">Pri\u00e8re de ne pas \u00e9crire sur les ampoules<\/td>\n<td valign=\"top\">No 27, Moiti\u00e9-moiti\u00e9, d\u00e9cembre 2005<\/td>\n<\/tr>\n<tr>\n<td valign=\"top\">Potterat<\/td>\n<td valign=\"top\">Jean-Charles<\/td>\n<td valign=\"top\">Note manuscrite (fac-simil\u00e9)<\/td>\n<td valign=\"top\">No 3, Hommage \u00e0 Jean-Charles Potterat, mai 1991<\/td>\n<\/tr>\n<tr>\n<td width=\"123\" valign=\"top\">Pozza<\/td>\n<td width=\"123\" valign=\"top\">Nicola<\/td>\n<td width=\"359\" valign=\"top\">La nouvelle hindi<\/td>\n<td valign=\"top\">No 20, voyage litt\u00e9raire dans une Inde m\u00e9connue, d\u00e9cembre 2001<\/td>\n<\/tr>\n<tr>\n<td width=\"123\" valign=\"top\">Pras\u00e2d<\/td>\n<td width=\"123\" valign=\"top\">Jay Shankar<\/td>\n<td width=\"359\" valign=\"top\">Le petit magicien<\/td>\n<td valign=\"top\">No 20, voyage litt\u00e9raire dans une Inde m\u00e9connue, d\u00e9cembre 2001<\/td>\n<\/tr>\n<tr>\n<td width=\"123\" valign=\"top\">Premcand<\/td>\n<td width=\"123\" valign=\"top\">.<\/td>\n<td width=\"359\" valign=\"top\">Le suaire<\/td>\n<td valign=\"top\">No 20, voyage litt\u00e9raire dans une Inde m\u00e9connue, d\u00e9cembre 2001<\/td>\n<\/tr>\n<tr>\n<td valign=\"top\">Prior<\/td>\n<td valign=\"top\">C\u00e9line<\/td>\n<td valign=\"top\">\u00c0 corps perdu<\/td>\n<td valign=\"top\">No 15, Prix de la Sorge 1997, novembre 1998<\/td>\n<\/tr>\n<tr>\n<td width=\"123\" valign=\"top\">Prior<\/td>\n<td width=\"123\" valign=\"top\">C\u00e9line<\/td>\n<td width=\"359\" valign=\"top\">Le bouquet du banquet<\/td>\n<td valign=\"top\">No 22, Floraisons, janvier 2003<\/td>\n<\/tr>\n<tr>\n<td width=\"123\" valign=\"top\">Prior<\/td>\n<td width=\"123\" valign=\"top\">C\u00e9line<\/td>\n<td width=\"359\" valign=\"top\">Pom, ma ch\u00e8re<\/td>\n<td valign=\"top\">No 26, Fruits d\u00e9fendus, novembre 2004<\/td>\n<\/tr>\n<tr>\n<td valign=\"top\">Prior<\/td>\n<td valign=\"top\">C\u00e9line<\/td>\n<td valign=\"top\">Crucifer<\/td>\n<td valign=\"top\">No 27, Moiti\u00e9-moiti\u00e9, d\u00e9cembre 2005<\/td>\n<\/tr>\n<tr>\n<td valign=\"top\">Prior<\/td>\n<td valign=\"top\">C\u00e9line<\/td>\n<td valign=\"top\">Il \u00e9tait trois fois<\/td>\n<td valign=\"top\">No 30, Contes, d\u00e9cembre 2008<\/td>\n<\/tr>\n<tr>\n<td width=\"123\" valign=\"top\">Priyamvad\u00e2<\/td>\n<td width=\"123\" valign=\"top\">Ush\u00e2<\/td>\n<td width=\"359\" valign=\"top\">Le retour<\/td>\n<td valign=\"top\">No 20, voyage litt\u00e9raire dans une Inde m\u00e9connue, d\u00e9cembre 2001<\/td>\n<\/tr>\n<tr>\n<td colspan=\"4\" valign=\"top\"><\/td>\n<\/tr>\n<tr>\n<td valign=\"top\">Qu\u00e9l\u00e9n<\/td>\n<td valign=\"top\">Dominique<\/td>\n<td valign=\"top\">(sans titre)<\/td>\n<td valign=\"top\">No 3, Hommage \u00e0 Jean-Charles Potterat, mai 1991<\/td>\n<\/tr>\n<tr>\n<td colspan=\"4\" valign=\"top\"><\/td>\n<\/tr>\n<tr>\n<td valign=\"top\">Raccimolo<\/td>\n<td valign=\"top\">Yoanna<\/td>\n<td valign=\"top\">Et si les champs de tabac&#8230;<\/td>\n<td valign=\"top\">No 22, Floraisons, janvier 2003<\/td>\n<\/tr>\n<tr>\n<td valign=\"top\">Rahm<\/td>\n<td valign=\"top\">Philippe<\/td>\n<td valign=\"top\">Pour une architecture de la cruaut\u00e9<\/td>\n<td valign=\"top\">No 9, Ecritures et architectures, d\u00e9cembre 1994<\/td>\n<\/tr>\n<tr>\n<td width=\"123\" valign=\"top\">Rakesh<\/td>\n<td width=\"123\" valign=\"top\">Mohan<\/td>\n<td width=\"359\" valign=\"top\">Une autre vie<\/td>\n<td valign=\"top\">No 20, voyage litt\u00e9raire dans une Inde m\u00e9connue, d\u00e9cembre 2001<\/td>\n<\/tr>\n<tr>\n<td valign=\"top\">Rambaud<\/td>\n<td valign=\"top\">Nicolas<\/td>\n<td valign=\"top\">Psychanalyse, histoire de l&rsquo;art et&#8230; copulation des insectes<\/td>\n<td valign=\"top\">No 5, H\u00e9t\u00e9rotisme, mai 1992<\/td>\n<\/tr>\n<tr>\n<td valign=\"top\">Rey<\/td>\n<td valign=\"top\">Hubert<\/td>\n<td valign=\"top\">La femme sur le cheval rouge<\/td>\n<td valign=\"top\">No 31, La Ville en ce jardin, juillet 2009<\/td>\n<\/tr>\n<tr>\n<td valign=\"top\">Rickenbach<\/td>\n<td valign=\"top\">Isabelle<\/td>\n<td valign=\"top\">Jour de sable<\/td>\n<td valign=\"top\">No 25, Confluences, janvier 2004<\/td>\n<\/tr>\n<tr>\n<td valign=\"top\">Robert<\/td>\n<td valign=\"top\">Arnaud<\/td>\n<td valign=\"top\">Otages<\/td>\n<td valign=\"top\">No 18, Prix de la Sorge 1999, avril 2000<\/td>\n<\/tr>\n<tr>\n<td valign=\"top\">Rodriguez<\/td>\n<td valign=\"top\">Antonio<\/td>\n<td valign=\"top\">Le jardin dans la po\u00e9sie romande (entretien)<\/td>\n<td valign=\"top\">No 31, La Ville en ce jardin, juillet 2009<\/td>\n<\/tr>\n<tr>\n<td valign=\"top\">Rodriguez<\/td>\n<td valign=\"top\">Laurence<\/td>\n<td valign=\"top\">Divergences<\/td>\n<td valign=\"top\">No 24, \u00celes sur le toit du monde, novembre 2003<\/td>\n<\/tr>\n<tr>\n<td valign=\"top\">Roessler<\/td>\n<td valign=\"top\">Julia<\/td>\n<td valign=\"top\">Arc<\/td>\n<td valign=\"top\">No 6-7, Soyons brefs, f\u00e9vrier 1993<\/td>\n<\/tr>\n<tr>\n<td valign=\"top\">Rollane<\/td>\n<td valign=\"top\">Laurent<\/td>\n<td valign=\"top\">Aliens (premi\u00e8re partie)<\/td>\n<td valign=\"top\">No 11-12, Prix de la Sorge 1995, f\u00e9vrier 1996<\/td>\n<\/tr>\n<tr>\n<td valign=\"top\">Roniger<\/td>\n<td valign=\"top\">J\u00e9r\u00f4me<\/td>\n<td valign=\"top\">La femme rouge et la femme bleue<\/td>\n<td valign=\"top\">No 29, Clos-de-la-Sorge, f\u00e9vrier 2008<\/td>\n<\/tr>\n<tr>\n<td valign=\"top\">Roniger<\/td>\n<td valign=\"top\">J\u00e9r\u00f4me<\/td>\n<td valign=\"top\">Mes mains comme des crabes sur le corps de ma voisine<\/td>\n<td valign=\"top\">No 30, Contes, d\u00e9cembre 2008<\/td>\n<\/tr>\n<tr>\n<td valign=\"top\">Rossel<\/td>\n<td valign=\"top\">Fran\u00e7ois<\/td>\n<td valign=\"top\">Les pieds dans l&rsquo;herbe fra\u00eeche<\/td>\n<td valign=\"top\">No 2, Sans titre, d\u00e9cembre 1990<\/td>\n<\/tr>\n<tr>\n<td valign=\"top\">Rossel<\/td>\n<td valign=\"top\">Fran\u00e7ois<\/td>\n<td valign=\"top\">Le rocher<\/td>\n<td valign=\"top\">No 2, Sans titre, d\u00e9cembre 1990<\/td>\n<\/tr>\n<tr>\n<td valign=\"top\">Rouiller<\/td>\n<td valign=\"top\">Fran\u00e7ois<\/td>\n<td valign=\"top\">Homo delator<\/td>\n<td valign=\"top\">No 24, \u00celes sur le toit du monde, novembre 2003<\/td>\n<\/tr>\n<tr>\n<td valign=\"top\">Rousset<\/td>\n<td valign=\"top\">Jean<\/td>\n<td valign=\"top\">Le r\u00e9cit de guerre selon Claude Simon<\/td>\n<td valign=\"top\">No 8, R\u00e9cits de guerre, f\u00e9vrier 1994<\/td>\n<\/tr>\n<tr>\n<td valign=\"top\">Rouzeau<\/td>\n<td valign=\"top\">David<\/td>\n<td valign=\"top\">La Langue en variation continue<\/td>\n<td valign=\"top\">No 14, Figures du multiple. Sur Deleuze &#8211; et Guattari, d\u00e9cembre 1997<\/td>\n<\/tr>\n<tr>\n<td valign=\"top\">Rusconi<\/td>\n<td valign=\"top\">Jean-Marc<\/td>\n<td valign=\"top\">Un \u00e9ternel d\u00e9part en philosophie<\/td>\n<td valign=\"top\">No 14, Figures du multiple. Sur Deleuze &#8211; et Guattari, d\u00e9cembre 1997<\/td>\n<\/tr>\n<tr>\n<td valign=\"top\">Ruzicka<\/td>\n<td valign=\"top\">David<\/td>\n<td valign=\"top\">[var=?]<\/td>\n<td valign=\"top\">No 24, \u00celes sur le toit du monde, novembre 2003<\/td>\n<\/tr>\n<\/tbody>\n<\/table>\n","protected":false},"excerpt":{"rendered":"<p>Maillard Pierre-Yves Sous les ratures de Jean-Paul Sartre No 10, Eppur si scrive, \u00e9critures philosophiques, mai 1995 Maulpoix Jean-Michel Apologie du texte bref No 6-7, Soyons brefs, f\u00e9vrier&hellip;<\/p>\n","protected":false},"author":11,"featured_media":0,"parent":42,"menu_order":11,"comment_status":"closed","ping_status":"closed","template":"","meta":{"_seopress_robots_primary_cat":"","_seopress_titles_title":"","_seopress_titles_desc":"","_seopress_robots_index":"","footnotes":""},"class_list":["post-48","page","type-page","status-publish","has-post-thumbnail"],"_links":{"self":[{"href":"https:\/\/www.asso-unil.ch\/archipel\/wp-json\/wp\/v2\/pages\/48","targetHints":{"allow":["GET"]}}],"collection":[{"href":"https:\/\/www.asso-unil.ch\/archipel\/wp-json\/wp\/v2\/pages"}],"about":[{"href":"https:\/\/www.asso-unil.ch\/archipel\/wp-json\/wp\/v2\/types\/page"}],"author":[{"embeddable":true,"href":"https:\/\/www.asso-unil.ch\/archipel\/wp-json\/wp\/v2\/users\/11"}],"replies":[{"embeddable":true,"href":"https:\/\/www.asso-unil.ch\/archipel\/wp-json\/wp\/v2\/comments?post=48"}],"version-history":[{"count":1,"href":"https:\/\/www.asso-unil.ch\/archipel\/wp-json\/wp\/v2\/pages\/48\/revisions"}],"predecessor-version":[{"id":1063,"href":"https:\/\/www.asso-unil.ch\/archipel\/wp-json\/wp\/v2\/pages\/48\/revisions\/1063"}],"up":[{"embeddable":true,"href":"https:\/\/www.asso-unil.ch\/archipel\/wp-json\/wp\/v2\/pages\/42"}],"wp:attachment":[{"href":"https:\/\/www.asso-unil.ch\/archipel\/wp-json\/wp\/v2\/media?parent=48"}],"curies":[{"name":"wp","href":"https:\/\/api.w.org\/{rel}","templated":true}]}}