{"id":3437,"date":"2025-11-05T14:55:23","date_gmt":"2025-11-05T13:55:23","guid":{"rendered":"https:\/\/www.asso-unil.ch\/archipel\/?page_id=3437"},"modified":"2026-03-26T18:17:20","modified_gmt":"2026-03-26T17:17:20","slug":"les-numeros","status":"publish","type":"page","link":"https:\/\/www.asso-unil.ch\/archipel\/les-numeros\/","title":{"rendered":"Les num\u00e9ros"},"content":{"rendered":"\n<div class=\"wp-block-media-text has-media-on-the-right is-stacked-on-mobile\" style=\"grid-template-columns:auto 48%\"><div class=\"wp-block-media-text__content\">\n<p class=\"has-small-font-size\"><strong>Archipel 47<\/strong> : <strong>FANS<\/strong><\/p>\n<\/div><figure class=\"wp-block-media-text__media\"><img alt=\"\" loading=\"lazy\" decoding=\"async\" width=\"1024\" height=\"724\" src=\"https:\/\/www.asso-unil.ch\/archipel\/files\/2025\/11\/fans2-1024x724.png\" alt=\"\" class=\"wp-image-3604 size-full\" \/><\/figure><\/div>\n\n\n\n<div class=\"wp-block-media-text is-stacked-on-mobile\" style=\"grid-template-columns:29% auto\"><figure class=\"wp-block-media-text__media\"><img alt=\"\" loading=\"lazy\" decoding=\"async\" width=\"732\" height=\"1024\" src=\"https:\/\/www.asso-unil.ch\/archipel\/files\/2025\/11\/capture-decran-2025-11-05-a-15.04.29-732x1024.png\" alt=\"\" class=\"wp-image-3440 size-full\" \/><\/figure><div class=\"wp-block-media-text__content\">\n<p class=\"has-small-font-size\"><strong>Archipel 46 :<\/strong> Spectre ou fant\u00f4me, c\u2019est selon, ne se sait ni se saisit. Ineffable apparition de l\u2019ordre du&nbsp;<em>\u00e7a voir<\/em>, pour filer le go\u00fbt derridien du jeu de mots. En t\u00e9moignent la convergence \u00e9tymologique \u2013&nbsp;<em>spectrum<\/em>&nbsp;et&nbsp;<em>phantasma<\/em>&nbsp;signifiant \u00ab&nbsp;vision&nbsp;\u00bb en latin et en grec \u2013 ainsi que l\u2019opacit\u00e9 s\u00e9mantique des deux termes, dont \u00e9mane une interchangeabilit\u00e9 commun\u00e9ment aveugle aux variations de leurs imaginaires respectifs. Ouvrant grand les placards de la revenance pour en dresser l\u2019inventaire dans&nbsp;<em>Fant\u00f4mes, esprits et autres morts-vivants. Essai de pneumatologie litt\u00e9raire<\/em>&nbsp;(2011), Daniel Sangsue pointe d\u2019embl\u00e9e la labilit\u00e9 \u00e9pist\u00e9mologique de ses figures, pr\u00e9dispos\u00e9es aux poncifs \u00e0 force de d\u00e9finitions impr\u00e9cises, voire contradictoires [\u2026]. Suite disponible ici : <a href=\"https:\/\/www.asso-unil.ch\/archipel\/uncategorized\/numero-46-spectres\/\">https:\/\/www.asso-unil.ch\/archipel\/uncategorized\/numero-46-spectres\/<\/a><\/p>\n<\/div><\/div>\n\n\n\n<div class=\"wp-block-media-text has-media-on-the-right is-stacked-on-mobile\"><div class=\"wp-block-media-text__content\">\n<p class=\"has-small-font-size\"><strong>Archipel 45 :<\/strong> \u00ab&nbsp;Coup de chapeau&nbsp;\u00bb est consacr\u00e9 au th\u00e8me passionnant du champignon. Des auteur\u00b7rice\u00b7s francophones de tous horizons, bas\u00e9s en Suisse, au Qu\u00e9bec ou encore en France, ont particip\u00e9 \u00e0 ce dossier foisonnant, croisant po\u00e9sie, fiction et critique et faisant la part belle \u00e0 cet \u00eatre \u00e9tonnant qui peuple nos for\u00eats en automne. Le num\u00e9ro contient \u00e9galement les textes laur\u00e9ats d\u2019un concours d\u2019\u00e9criture organis\u00e9 par le Centre interdisciplinaire d\u2019\u00e9tude des litt\u00e9ratures (CIEL \u2013 UNIL), ainsi que les nouvelles prim\u00e9es lors de l\u2019\u00e9dition 2022 du Prix de la Sorge [\u2026]. Suite disponible ici : <a href=\"https:\/\/www.asso-unil.ch\/archipel\/numero\/numero-45-coup-de-chapeau\/\">https:\/\/www.asso-unil.ch\/archipel\/numero\/numero-45-coup-de-chapeau\/<\/a>.<\/p>\n<\/div><figure class=\"wp-block-media-text__media\"><img alt=\"\" loading=\"lazy\" decoding=\"async\" width=\"1024\" height=\"554\" src=\"https:\/\/www.asso-unil.ch\/archipel\/files\/2023\/11\/movie_image_51_15385-1024x554.jpeg\" alt=\"\" class=\"wp-image-967 size-full\" srcset=\"https:\/\/www.asso-unil.ch\/archipel\/files\/2023\/11\/movie_image_51_15385-1024x554.jpeg 1024w, https:\/\/www.asso-unil.ch\/archipel\/files\/2023\/11\/movie_image_51_15385-300x162.jpeg 300w, https:\/\/www.asso-unil.ch\/archipel\/files\/2023\/11\/movie_image_51_15385-768x415.jpeg 768w, https:\/\/www.asso-unil.ch\/archipel\/files\/2023\/11\/movie_image_51_15385-1536x830.jpeg 1536w, https:\/\/www.asso-unil.ch\/archipel\/files\/2023\/11\/movie_image_51_15385.jpeg 1920w\" sizes=\"auto, (max-width: 1024px) 100vw, 1024px\" \/><\/figure><\/div>\n\n\n\n<div class=\"wp-block-media-text is-stacked-on-mobile\"><figure class=\"wp-block-media-text__media\"><img alt=\"\" loading=\"lazy\" decoding=\"async\" width=\"614\" height=\"518\" src=\"https:\/\/www.asso-unil.ch\/archipel\/files\/2023\/03\/photo_2023-03-23-17.26.28-e1762354214243.jpeg\" alt=\"\" class=\"wp-image-944 size-full\" srcset=\"https:\/\/www.asso-unil.ch\/archipel\/files\/2023\/03\/photo_2023-03-23-17.26.28-e1762354214243.jpeg 614w, https:\/\/www.asso-unil.ch\/archipel\/files\/2023\/03\/photo_2023-03-23-17.26.28-e1762354214243-300x253.jpeg 300w, https:\/\/www.asso-unil.ch\/archipel\/files\/2023\/03\/photo_2023-03-23-17.26.28-e1762354214243-540x456.jpeg 540w\" sizes=\"auto, (max-width: 614px) 100vw, 614px\" \/><\/figure><div class=\"wp-block-media-text__content\">\n<p class=\"has-small-font-size\"><strong>Archipel 44 :<\/strong> Il n\u2019est pas anodin que Roland Barthes situe la voiture parmi les \u00ab&nbsp;mythologies&nbsp;\u00bb qu\u2019il s\u2019efforce de d\u00e9crire dans son c\u00e9l\u00e8bre ouvrage au titre \u00e9vocateur. Symbole de la modernit\u00e9, mais \u00e9galement d\u2019ind\u00e9pendance, elle occupe une place centrale dans la soci\u00e9t\u00e9 occidentale depuis plus d\u2019un si\u00e8cle et constitue \u00e9galement un imaginaire f\u00e9cond pour des artistes de tous bords \u2013 notamment des \u00e9crivains et \u00e9crivaines, de Marcel Proust faisant de v\u00e9hicules motoris\u00e9s des d\u00e9clencheurs du souvenir dans la&nbsp;<em>Recherche du temps perdu&nbsp;<\/em>\u00e0 Jack Kerouac et ses contemporains de la&nbsp;<em>beat generation<\/em>, fascin\u00e9s par le r\u00e9seau routier \u00e9tasunien [\u2026]. Suite disponible ici : <a href=\"https:\/\/www.asso-unil.ch\/archipel\/lire-le-complot\/\">https:\/\/www.asso-unil.ch\/archipel\/lire-le-complot\/<\/a>.<\/p>\n<\/div><\/div>\n","protected":false},"excerpt":{"rendered":"<p>Archipel 47 : FANS Archipel 46 : Spectre ou fant\u00f4me, c\u2019est selon, ne se sait ni se saisit. Ineffable apparition de l\u2019ordre du&nbsp;\u00e7a voir, pour filer le go\u00fbt&hellip;<\/p>\n","protected":false},"author":1001319,"featured_media":4329,"parent":0,"menu_order":0,"comment_status":"closed","ping_status":"closed","template":"template-full-width-cover.php","meta":{"_seopress_robots_primary_cat":"","_seopress_titles_title":"","_seopress_titles_desc":"","_seopress_robots_index":"","footnotes":""},"class_list":["post-3437","page","type-page","status-publish","has-post-thumbnail"],"_links":{"self":[{"href":"https:\/\/www.asso-unil.ch\/archipel\/wp-json\/wp\/v2\/pages\/3437","targetHints":{"allow":["GET"]}}],"collection":[{"href":"https:\/\/www.asso-unil.ch\/archipel\/wp-json\/wp\/v2\/pages"}],"about":[{"href":"https:\/\/www.asso-unil.ch\/archipel\/wp-json\/wp\/v2\/types\/page"}],"author":[{"embeddable":true,"href":"https:\/\/www.asso-unil.ch\/archipel\/wp-json\/wp\/v2\/users\/1001319"}],"replies":[{"embeddable":true,"href":"https:\/\/www.asso-unil.ch\/archipel\/wp-json\/wp\/v2\/comments?post=3437"}],"version-history":[{"count":5,"href":"https:\/\/www.asso-unil.ch\/archipel\/wp-json\/wp\/v2\/pages\/3437\/revisions"}],"predecessor-version":[{"id":3610,"href":"https:\/\/www.asso-unil.ch\/archipel\/wp-json\/wp\/v2\/pages\/3437\/revisions\/3610"}],"wp:featuredmedia":[{"embeddable":true,"href":"https:\/\/www.asso-unil.ch\/archipel\/wp-json\/wp\/v2\/media\/4329"}],"wp:attachment":[{"href":"https:\/\/www.asso-unil.ch\/archipel\/wp-json\/wp\/v2\/media?parent=3437"}],"curies":[{"name":"wp","href":"https:\/\/api.w.org\/{rel}","templated":true}]}}