{"id":27,"date":"2010-10-28T22:43:05","date_gmt":"2010-10-28T20:43:05","guid":{"rendered":"http:\/\/www3.unil.ch\/wpmu\/archipel\/"},"modified":"2026-03-30T09:45:44","modified_gmt":"2026-03-30T07:45:44","slug":"comite-de-redaction","status":"publish","type":"page","link":"https:\/\/www.asso-unil.ch\/archipel\/les-revues-heureuses-nont-pas-dhistoire\/comite-de-redaction\/","title":{"rendered":"Comit\u00e9 de r\u00e9daction"},"content":{"rendered":"\n<div class=\"wp-block-columns is-layout-flex wp-container-core-columns-is-layout-9d6595d7 wp-block-columns-is-layout-flex\">\n<div class=\"wp-block-column is-layout-flow wp-block-column-is-layout-flow\">\n<p class=\"has-text-align-center has-large-font-size\">Vincent Annen<br>Valentine Bovey<br>Ylenia Dalla Palma<br>Sarah Juilland<br>No\u00e9 Maggetti<\/p>\n<\/div>\n\n\n\n<div class=\"wp-block-column is-layout-flow wp-block-column-is-layout-flow\">\n<p class=\"has-text-align-center has-large-font-size\">Ami Lou Parsons<br>Vivien Poltier<br>Alicia Schmid<br>Ali\u00e9nor Vauthey<\/p>\n<\/div>\n<\/div>\n\n\n\n<p class=\"has-text-align-left has-large-font-size\">\u00c9tant essentiellement constitu\u00e9 d&rsquo;\u00e9tudiant\u00b7e\u00b7s, le comit\u00e9 change r\u00e9guli\u00e8rement au gr\u00e9 des d\u00e9parts et des arriv\u00e9es. Si vous \u00eates int\u00e9ress\u00e9\u00b7e \u00e0 nous rejoindre, n&rsquo;h\u00e9sitez pas \u00e0 nous contacter.<\/p>\n\n\n\n<figure class=\"wp-block-image size-large\"><a href=\"https:\/\/www.asso-unil.ch\/archipel\/files\/2026\/03\/capture-decran-2026-03-30-a-09.23.06.png\"><img loading=\"lazy\" decoding=\"async\" width=\"1024\" height=\"659\" src=\"https:\/\/www.asso-unil.ch\/archipel\/files\/2026\/03\/capture-decran-2026-03-30-a-09.23.06-1024x659.png\" alt=\"capture d\u2019e\u0301cran 2026 03 30 a\u0300 09.23.06\" class=\"wp-image-4394\" srcset=\"https:\/\/www.asso-unil.ch\/archipel\/files\/2026\/03\/capture-decran-2026-03-30-a-09.23.06-1024x659.png 1024w, https:\/\/www.asso-unil.ch\/archipel\/files\/2026\/03\/capture-decran-2026-03-30-a-09.23.06-300x193.png 300w, https:\/\/www.asso-unil.ch\/archipel\/files\/2026\/03\/capture-decran-2026-03-30-a-09.23.06-768x495.png 768w, https:\/\/www.asso-unil.ch\/archipel\/files\/2026\/03\/capture-decran-2026-03-30-a-09.23.06-540x348.png 540w, https:\/\/www.asso-unil.ch\/archipel\/files\/2026\/03\/capture-decran-2026-03-30-a-09.23.06-1080x695.png 1080w, https:\/\/www.asso-unil.ch\/archipel\/files\/2026\/03\/capture-decran-2026-03-30-a-09.23.06.png 1292w\" sizes=\"auto, (max-width: 1024px) 100vw, 1024px\" \/><\/a><\/figure>\n\n\n\n<p><\/p>\n","protected":false},"excerpt":{"rendered":"<p>Vincent AnnenValentine BoveyYlenia Dalla PalmaSarah JuillandNo\u00e9 Maggetti Ami Lou ParsonsVivien PoltierAlicia SchmidAli\u00e9nor Vauthey \u00c9tant essentiellement constitu\u00e9 d&rsquo;\u00e9tudiant\u00b7e\u00b7s, le comit\u00e9 change r\u00e9guli\u00e8rement au gr\u00e9 des d\u00e9parts et des arriv\u00e9es.&hellip;<\/p>\n","protected":false},"author":11,"featured_media":0,"parent":6,"menu_order":2,"comment_status":"closed","ping_status":"closed","template":"","meta":{"_seopress_robots_primary_cat":"","_seopress_titles_title":"","_seopress_titles_desc":"","_seopress_robots_index":"","footnotes":""},"class_list":["post-27","page","type-page","status-publish","has-post-thumbnail"],"_links":{"self":[{"href":"https:\/\/www.asso-unil.ch\/archipel\/wp-json\/wp\/v2\/pages\/27","targetHints":{"allow":["GET"]}}],"collection":[{"href":"https:\/\/www.asso-unil.ch\/archipel\/wp-json\/wp\/v2\/pages"}],"about":[{"href":"https:\/\/www.asso-unil.ch\/archipel\/wp-json\/wp\/v2\/types\/page"}],"author":[{"embeddable":true,"href":"https:\/\/www.asso-unil.ch\/archipel\/wp-json\/wp\/v2\/users\/11"}],"replies":[{"embeddable":true,"href":"https:\/\/www.asso-unil.ch\/archipel\/wp-json\/wp\/v2\/comments?post=27"}],"version-history":[{"count":5,"href":"https:\/\/www.asso-unil.ch\/archipel\/wp-json\/wp\/v2\/pages\/27\/revisions"}],"predecessor-version":[{"id":4403,"href":"https:\/\/www.asso-unil.ch\/archipel\/wp-json\/wp\/v2\/pages\/27\/revisions\/4403"}],"up":[{"embeddable":true,"href":"https:\/\/www.asso-unil.ch\/archipel\/wp-json\/wp\/v2\/pages\/6"}],"wp:attachment":[{"href":"https:\/\/www.asso-unil.ch\/archipel\/wp-json\/wp\/v2\/media?parent=27"}],"curies":[{"name":"wp","href":"https:\/\/api.w.org\/{rel}","templated":true}]}}