{"id":23,"date":"2010-10-28T22:34:51","date_gmt":"2010-10-28T20:34:51","guid":{"rendered":"http:\/\/www3.unil.ch\/wpmu\/archipel\/"},"modified":"2018-06-11T12:14:00","modified_gmt":"2018-06-11T10:14:00","slug":"dernier-numero-paru","status":"publish","type":"page","link":"https:\/\/www.asso-unil.ch\/archipel\/dernier-numero-paru\/","title":{"rendered":"L&rsquo;Invention de la m\u00e9moire"},"content":{"rendered":"<p><a href=\"https:\/\/www.asso-unil.ch\/archipel\/files\/2010\/10\/32Couv5.jpg\"><img alt=\"\" loading=\"lazy\" decoding=\"async\" class=\"alignnone size-medium wp-image-246\" src=\"https:\/\/www.asso-unil.ch\/archipel\/files\/2010\/10\/32Couv5-178x300.jpg\" alt=\"\" width=\"187\" height=\"317\" \/><\/a><\/p>\n<p><strong>L&rsquo;invention de la m\u00e9moire (n\u00b033, d\u00e9cembre 2010)<\/strong><\/p>\n<p>Alexandre Dauge-Roth: Un Archipel toujours en devenir<br \/>\nSylviane Dupuis: M\u00e9moire, imagination et cr\u00e9ation<br \/>\nAnne-Fr\u00e9d\u00e9rique Schlaepfer: Transtextualit\u00e9 et transgression chez Catherine Colomb<br \/>\nAur\u00e9lia Maillard: La m\u00e9moire iconoclaste. Exp\u00e9rience et pr\u00e9f\u00e9rence esth\u00e9tiques chez Ga\u00ebtan Picon<br \/>\nMarius Daniel Popescu: Perpetuum Mobile<br \/>\nSt\u00e9phane P\u00e9termann: \u00abLa grande belle gueule de Ramuz\u00bb<br \/>\nQuestions de m\u00e9moire:<br \/>\nGilbert Pingeon; Julien Burri; Am\u00e9lie Plume; Suzanne Deriex; Claude Darbellay; Claire<br \/>\nKr\u00e4henb\u00fchl; Rapha\u00ebl Aubert; Rose-Marie Pagnard; Matthias Zschokke; Michel Layaz;<br \/>\nDaniel de Roulet; Vah\u00e9 Godel; Catherine Safonoff; Claire Genoux<br \/>\nAndr\u00e9 Ourednik: des catacombes bleues et vertes<br \/>\nGa\u00ebl Grob\u00e9ty: Un jeu d&rsquo;enfant<br \/>\nAur\u00e9lien M\u00e9troz: Lettres mexicaines<br \/>\nVincent Laurent: Le corbeau<br \/>\nL\u00e9onard Dolivo: Les poissons de Monsieur Tropitchine<\/p>\n","protected":false},"excerpt":{"rendered":"<p>L&rsquo;invention de la m\u00e9moire (n\u00b033, d\u00e9cembre 2010) Alexandre Dauge-Roth: Un Archipel toujours en devenir Sylviane Dupuis: M\u00e9moire, imagination et cr\u00e9ation Anne-Fr\u00e9d\u00e9rique Schlaepfer: Transtextualit\u00e9 et transgression chez Catherine Colomb&hellip;<\/p>\n","protected":false},"author":11,"featured_media":0,"parent":0,"menu_order":6,"comment_status":"closed","ping_status":"closed","template":"","meta":{"_seopress_robots_primary_cat":"","_seopress_titles_title":"","_seopress_titles_desc":"","_seopress_robots_index":"","footnotes":""},"class_list":["post-23","page","type-page","status-publish","has-post-thumbnail"],"_links":{"self":[{"href":"https:\/\/www.asso-unil.ch\/archipel\/wp-json\/wp\/v2\/pages\/23","targetHints":{"allow":["GET"]}}],"collection":[{"href":"https:\/\/www.asso-unil.ch\/archipel\/wp-json\/wp\/v2\/pages"}],"about":[{"href":"https:\/\/www.asso-unil.ch\/archipel\/wp-json\/wp\/v2\/types\/page"}],"author":[{"embeddable":true,"href":"https:\/\/www.asso-unil.ch\/archipel\/wp-json\/wp\/v2\/users\/11"}],"replies":[{"embeddable":true,"href":"https:\/\/www.asso-unil.ch\/archipel\/wp-json\/wp\/v2\/comments?post=23"}],"version-history":[{"count":0,"href":"https:\/\/www.asso-unil.ch\/archipel\/wp-json\/wp\/v2\/pages\/23\/revisions"}],"wp:attachment":[{"href":"https:\/\/www.asso-unil.ch\/archipel\/wp-json\/wp\/v2\/media?parent=23"}],"curies":[{"name":"wp","href":"https:\/\/api.w.org\/{rel}","templated":true}]}}