{"id":143,"date":"2010-10-29T19:28:00","date_gmt":"2010-10-29T17:28:00","guid":{"rendered":"http:\/\/www3.unil.ch\/wpmu\/archipel\/"},"modified":"2026-03-30T09:43:11","modified_gmt":"2026-03-30T07:43:11","slug":"distribution","status":"publish","type":"page","link":"https:\/\/www.asso-unil.ch\/archipel\/les-revues-heureuses-nont-pas-dhistoire\/distribution\/","title":{"rendered":"Distribution"},"content":{"rendered":"\n<p class=\"has-text-align-left has-large-font-size\">Les num\u00e9ros les plus r\u00e9cents de la revue sont distribu\u00e9s dans plusieurs librairies, principalement dans la r\u00e9gion lausannoise (Payot, Basta!) ; il est \u00e9galement possible de la commander dans n&rsquo;importe quelle librairie.<\/p>\n\n\n\n<p class=\"has-text-align-left has-large-font-size\">D&rsquo;autre part, vous pouvez commander par ce site Internet n&rsquo;importe quel num\u00e9ro, y compris les plus anciens.<\/p>\n\n\n<div class=\"wp-block-image\">\n<figure class=\"alignright size-large\"><a href=\"https:\/\/www.asso-unil.ch\/archipel\/files\/2026\/03\/capture-decran-2026-03-30-a-09.21.10.png\"><img loading=\"lazy\" decoding=\"async\" width=\"1024\" height=\"765\" src=\"https:\/\/www.asso-unil.ch\/archipel\/files\/2026\/03\/capture-decran-2026-03-30-a-09.21.10-1024x765.png\" alt=\"capture d\u2019e\u0301cran 2026 03 30 a\u0300 09.21.10\" class=\"wp-image-4398\" srcset=\"https:\/\/www.asso-unil.ch\/archipel\/files\/2026\/03\/capture-decran-2026-03-30-a-09.21.10-1024x765.png 1024w, https:\/\/www.asso-unil.ch\/archipel\/files\/2026\/03\/capture-decran-2026-03-30-a-09.21.10-300x224.png 300w, https:\/\/www.asso-unil.ch\/archipel\/files\/2026\/03\/capture-decran-2026-03-30-a-09.21.10-768x574.png 768w, https:\/\/www.asso-unil.ch\/archipel\/files\/2026\/03\/capture-decran-2026-03-30-a-09.21.10-540x404.png 540w, https:\/\/www.asso-unil.ch\/archipel\/files\/2026\/03\/capture-decran-2026-03-30-a-09.21.10-1080x807.png 1080w, https:\/\/www.asso-unil.ch\/archipel\/files\/2026\/03\/capture-decran-2026-03-30-a-09.21.10.png 1180w\" sizes=\"auto, (max-width: 1024px) 100vw, 1024px\" \/><\/a><\/figure>\n<\/div>","protected":false},"excerpt":{"rendered":"<p>Les num\u00e9ros les plus r\u00e9cents de la revue sont distribu\u00e9s dans plusieurs librairies, principalement dans la r\u00e9gion lausannoise (Payot, Basta!) ; il est \u00e9galement possible de la commander&hellip;<\/p>\n","protected":false},"author":11,"featured_media":0,"parent":6,"menu_order":3,"comment_status":"closed","ping_status":"closed","template":"","meta":{"_seopress_robots_primary_cat":"","_seopress_titles_title":"","_seopress_titles_desc":"","_seopress_robots_index":"","footnotes":""},"class_list":["post-143","page","type-page","status-publish","has-post-thumbnail"],"_links":{"self":[{"href":"https:\/\/www.asso-unil.ch\/archipel\/wp-json\/wp\/v2\/pages\/143","targetHints":{"allow":["GET"]}}],"collection":[{"href":"https:\/\/www.asso-unil.ch\/archipel\/wp-json\/wp\/v2\/pages"}],"about":[{"href":"https:\/\/www.asso-unil.ch\/archipel\/wp-json\/wp\/v2\/types\/page"}],"author":[{"embeddable":true,"href":"https:\/\/www.asso-unil.ch\/archipel\/wp-json\/wp\/v2\/users\/11"}],"replies":[{"embeddable":true,"href":"https:\/\/www.asso-unil.ch\/archipel\/wp-json\/wp\/v2\/comments?post=143"}],"version-history":[{"count":5,"href":"https:\/\/www.asso-unil.ch\/archipel\/wp-json\/wp\/v2\/pages\/143\/revisions"}],"predecessor-version":[{"id":4399,"href":"https:\/\/www.asso-unil.ch\/archipel\/wp-json\/wp\/v2\/pages\/143\/revisions\/4399"}],"up":[{"embeddable":true,"href":"https:\/\/www.asso-unil.ch\/archipel\/wp-json\/wp\/v2\/pages\/6"}],"wp:attachment":[{"href":"https:\/\/www.asso-unil.ch\/archipel\/wp-json\/wp\/v2\/media?parent=143"}],"curies":[{"name":"wp","href":"https:\/\/api.w.org\/{rel}","templated":true}]}}