{"id":118,"date":"2010-10-28T23:56:54","date_gmt":"2010-10-28T21:56:54","guid":{"rendered":"http:\/\/www3.unil.ch\/wpmu\/archipel\/"},"modified":"2026-03-30T09:42:30","modified_gmt":"2026-03-30T07:42:30","slug":"les-rubriques","status":"publish","type":"page","link":"https:\/\/www.asso-unil.ch\/archipel\/les-revues-heureuses-nont-pas-dhistoire\/les-rubriques\/","title":{"rendered":"Les rubriques"},"content":{"rendered":"\n<div class=\"wp-block-columns alignwide is-layout-flex wp-container-core-columns-is-layout-9d6595d7 wp-block-columns-is-layout-flex\">\n<div class=\"wp-block-column is-layout-flow wp-block-column-is-layout-flow\" style=\"flex-basis:800px\">\n<h3 class=\"wp-block-heading\">Cahier<\/h3>\n\n\n\n<p>Dossier central de la revue, le \u00ab\u00a0Cahier\u00a0\u00bb aborde dans chaque num\u00e9ro un th\u00e8me litt\u00e9raire, par le biais d&rsquo;\u00e9tudes et des textes de cr\u00e9ation. Le th\u00e8me du \u00ab\u00a0Cahier\u00a0\u00bb peut faire ou non l&rsquo;objet, selon les cas, d&rsquo;un appel \u00e0 contributions public.<\/p>\n<\/div>\n\n\n\n<div class=\"wp-block-column is-layout-flow wp-block-column-is-layout-flow\" style=\"flex-basis:800px\">\n<h3 class=\"wp-block-heading\">Poursuite<\/h3>\n\n\n\n<p>L&rsquo;une des vocations de la revue est de faire d\u00e9couvrir des \u00e9crivain\u00b7e\u00b7s nouveaux\u00b7elles, et de leur offrir un espace de publication. La \u00ab\u00a0Poursuite\u00a0\u00bb permet, en lui offrant de larges pages, de donner un coup de projecteur sur un texte ou un\u00b7e auteur\u00b7ice.<\/p>\n<\/div>\n\n\n\n<div class=\"wp-block-column is-layout-flow wp-block-column-is-layout-flow\" style=\"flex-basis:800px\">\n<h3 class=\"wp-block-heading\">Ateliers<\/h3>\n\n\n\n<p>Archipel s&rsquo;associe aux ateliers d&rsquo;\u00e9criture cr\u00e9ative anim\u00e9s \u00e0 l&rsquo;UNIL par J\u00e9r\u00f4me Meizoz et Anne-Lise Delacr\u00e9taz pour publier des textes d&rsquo;\u00e9tudiant\u00b7e\u00b7s.<\/p>\n<\/div>\n<\/div>\n\n\n\n<p class=\"has-text-align-left\"><\/p>\n\n\n\n<p><\/p>\n\n\n<div class=\"wp-block-image\">\n<figure class=\"alignright size-large\"><a href=\"https:\/\/www.asso-unil.ch\/archipel\/files\/2026\/03\/capture-decran-2026-03-30-a-09.21.26.png\"><img loading=\"lazy\" decoding=\"async\" width=\"1024\" height=\"772\" src=\"https:\/\/www.asso-unil.ch\/archipel\/files\/2026\/03\/capture-decran-2026-03-30-a-09.21.26-1024x772.png\" alt=\"capture d\u2019e\u0301cran 2026 03 30 a\u0300 09.21.26\" class=\"wp-image-4396\" srcset=\"https:\/\/www.asso-unil.ch\/archipel\/files\/2026\/03\/capture-decran-2026-03-30-a-09.21.26-1024x772.png 1024w, https:\/\/www.asso-unil.ch\/archipel\/files\/2026\/03\/capture-decran-2026-03-30-a-09.21.26-300x226.png 300w, https:\/\/www.asso-unil.ch\/archipel\/files\/2026\/03\/capture-decran-2026-03-30-a-09.21.26-768x579.png 768w, https:\/\/www.asso-unil.ch\/archipel\/files\/2026\/03\/capture-decran-2026-03-30-a-09.21.26-540x407.png 540w, https:\/\/www.asso-unil.ch\/archipel\/files\/2026\/03\/capture-decran-2026-03-30-a-09.21.26-1080x814.png 1080w, https:\/\/www.asso-unil.ch\/archipel\/files\/2026\/03\/capture-decran-2026-03-30-a-09.21.26.png 1218w\" sizes=\"auto, (max-width: 1024px) 100vw, 1024px\" \/><\/a><\/figure>\n<\/div>","protected":false},"excerpt":{"rendered":"<p>Cahier Dossier central de la revue, le \u00ab\u00a0Cahier\u00a0\u00bb aborde dans chaque num\u00e9ro un th\u00e8me litt\u00e9raire, par le biais d&rsquo;\u00e9tudes et des textes de cr\u00e9ation. Le th\u00e8me du \u00ab\u00a0Cahier\u00a0\u00bb&hellip;<\/p>\n","protected":false},"author":11,"featured_media":0,"parent":6,"menu_order":1,"comment_status":"closed","ping_status":"closed","template":"","meta":{"_seopress_robots_primary_cat":"","_seopress_titles_title":"","_seopress_titles_desc":"","_seopress_robots_index":"","footnotes":""},"class_list":["post-118","page","type-page","status-publish","has-post-thumbnail"],"_links":{"self":[{"href":"https:\/\/www.asso-unil.ch\/archipel\/wp-json\/wp\/v2\/pages\/118","targetHints":{"allow":["GET"]}}],"collection":[{"href":"https:\/\/www.asso-unil.ch\/archipel\/wp-json\/wp\/v2\/pages"}],"about":[{"href":"https:\/\/www.asso-unil.ch\/archipel\/wp-json\/wp\/v2\/types\/page"}],"author":[{"embeddable":true,"href":"https:\/\/www.asso-unil.ch\/archipel\/wp-json\/wp\/v2\/users\/11"}],"replies":[{"embeddable":true,"href":"https:\/\/www.asso-unil.ch\/archipel\/wp-json\/wp\/v2\/comments?post=118"}],"version-history":[{"count":5,"href":"https:\/\/www.asso-unil.ch\/archipel\/wp-json\/wp\/v2\/pages\/118\/revisions"}],"predecessor-version":[{"id":4397,"href":"https:\/\/www.asso-unil.ch\/archipel\/wp-json\/wp\/v2\/pages\/118\/revisions\/4397"}],"up":[{"embeddable":true,"href":"https:\/\/www.asso-unil.ch\/archipel\/wp-json\/wp\/v2\/pages\/6"}],"wp:attachment":[{"href":"https:\/\/www.asso-unil.ch\/archipel\/wp-json\/wp\/v2\/media?parent=118"}],"curies":[{"name":"wp","href":"https:\/\/api.w.org\/{rel}","templated":true}]}}