{"id":1041,"date":"2025-02-18T13:39:45","date_gmt":"2025-02-18T12:39:45","guid":{"rendered":"https:\/\/www.asso-unil.ch\/archipel\/?page_id=1041"},"modified":"2025-11-05T15:22:28","modified_gmt":"2025-11-05T14:22:28","slug":"coup-de-chapeau","status":"publish","type":"page","link":"https:\/\/www.asso-unil.ch\/archipel\/les-numeros\/coup-de-chapeau\/","title":{"rendered":"Coup de chapeau"},"content":{"rendered":"\n<p class=\"has-medium-font-size\">Archipel 45 \u2013 2023<\/p>\n\n\n\n<p>Le 45e num\u00e9ro d&rsquo;<em>Archipel<\/em>, intitul\u00e9 \u00ab\u00a0Coup de chapeau\u00a0\u00bb est consacr\u00e9 au th\u00e8me passionnant du champignon. Des auteur\u00b7rice\u00b7s francophones de tous horizons, bas\u00e9s en Suisse, au Qu\u00e9bec ou encore en France, ont particip\u00e9 \u00e0 ce dossier foisonnant, croisant po\u00e9sie, fiction et critique et faisant la part belle \u00e0 cet \u00eatre \u00e9tonnant qui peuple nos for\u00eats en automne. Le num\u00e9ro contient \u00e9galement les textes laur\u00e9ats d&rsquo;un concours d&rsquo;\u00e9criture organis\u00e9 par le Centre interdisciplinaire d&rsquo;\u00e9tude des litt\u00e9ratures (CIEL \u2013 UNIL), ainsi que les nouvelles prim\u00e9es lors de l&rsquo;\u00e9dition 2022 du Prix de la Sorge.<\/p>\n\n\n\n<p><strong>SOMMAIRE<\/strong><\/p>\n\n\n\n<p><strong>Le Cahier<\/strong><\/p>\n\n\n\n<p>Mary-Laure Zoss<br>moins que rien, n\u2019emp\u00eache<br><br>H\u00e9l\u00e8ne Lavoyer<br>Jeanne et Gary<br><br>Louise Mai<br>Vinery Road<br><br>Samuel Cr\u00e9peault<br>Fiche d\u2019anomalie ANO-2745<br><br>Alexis Rime<br>Algamonde<br><br>Mil\u00e8ne \u00c5rre G\u00f8l<br>De coloribus disputandum : chronique d\u2019un pigment<br><br>Guillaume K\u00f6stner<br>Matango: de la ville comme kaij\u016b<br><br>Marie-Laure Le Berre<br>Un Champignon de th\u00e9\u00e2tre \u00e0 Rome dans la com\u00e9die de Plaute aux IIIe et IIe si\u00e8cles<br><br>Laure Sauvage<br>\u00abNous &#8211; mycologues ?\u00bb Philippe Denis et la parole po\u00e9tique au d\u00e9fi des champignons<\/p>\n\n\n\n<p><strong>Concours litt\u00e9raire du CIEL<\/strong><\/p>\n\n\n\n<p>Arthur Br\u00fcgger<br>Les D\u00e9ferlantes<br><br>Ellie R\u00fcfenacht<br>Ond\u00e9e<br><br>Fran\u00e7ois Jolidon<br>Le Lait des nuages<br><br>Martina Quadroni<br>Mar\u00e9e montante <\/p>\n\n\n\n<p><strong>La Sorge<\/strong><\/p>\n\n\n\n<p>Sol\u00e8ne Perriard<br>Le Gar\u00e7on \u00e0 la culotte rouge<br><br>Ilian Guesmia<br>Les Nuages blancs<br><br>Sacha Mandelbaum<br>Le Scaphandrier<br><br>Alex P\u00e9rez<br>garden gourmet<\/p>\n\n\n\n<p>Illustrations : L\u00e9a Charnaux<\/p>\n","protected":false},"excerpt":{"rendered":"<p>Archipel 45 \u2013 2023 Le 45e num\u00e9ro d&rsquo;Archipel, intitul\u00e9 \u00ab\u00a0Coup de chapeau\u00a0\u00bb est consacr\u00e9 au th\u00e8me passionnant du champignon. Des auteur\u00b7rice\u00b7s francophones de tous horizons, bas\u00e9s en Suisse,&hellip;<\/p>\n","protected":false},"author":1001296,"featured_media":0,"parent":3437,"menu_order":0,"comment_status":"closed","ping_status":"closed","template":"","meta":{"_seopress_robots_primary_cat":"","_seopress_titles_title":"","_seopress_titles_desc":"","_seopress_robots_index":"","footnotes":""},"class_list":["post-1041","page","type-page","status-publish","has-post-thumbnail"],"_links":{"self":[{"href":"https:\/\/www.asso-unil.ch\/archipel\/wp-json\/wp\/v2\/pages\/1041","targetHints":{"allow":["GET"]}}],"collection":[{"href":"https:\/\/www.asso-unil.ch\/archipel\/wp-json\/wp\/v2\/pages"}],"about":[{"href":"https:\/\/www.asso-unil.ch\/archipel\/wp-json\/wp\/v2\/types\/page"}],"author":[{"embeddable":true,"href":"https:\/\/www.asso-unil.ch\/archipel\/wp-json\/wp\/v2\/users\/1001296"}],"replies":[{"embeddable":true,"href":"https:\/\/www.asso-unil.ch\/archipel\/wp-json\/wp\/v2\/comments?post=1041"}],"version-history":[{"count":1,"href":"https:\/\/www.asso-unil.ch\/archipel\/wp-json\/wp\/v2\/pages\/1041\/revisions"}],"predecessor-version":[{"id":1042,"href":"https:\/\/www.asso-unil.ch\/archipel\/wp-json\/wp\/v2\/pages\/1041\/revisions\/1042"}],"up":[{"embeddable":true,"href":"https:\/\/www.asso-unil.ch\/archipel\/wp-json\/wp\/v2\/pages\/3437"}],"wp:attachment":[{"href":"https:\/\/www.asso-unil.ch\/archipel\/wp-json\/wp\/v2\/media?parent=1041"}],"curies":[{"name":"wp","href":"https:\/\/api.w.org\/{rel}","templated":true}]}}