{"id":10,"date":"2010-10-28T22:30:46","date_gmt":"2010-10-28T20:30:46","guid":{"rendered":"http:\/\/www3.unil.ch\/wpmu\/archipel\/"},"modified":"2026-03-30T10:01:14","modified_gmt":"2026-03-30T08:01:14","slug":"la-collection-essais","status":"publish","type":"page","link":"https:\/\/www.asso-unil.ch\/archipel\/la-collection-essais\/","title":{"rendered":"Contact"},"content":{"rendered":"<p>Pour toute question ou demande de renseignement, n&rsquo;h\u00e9sitez pas \u00e0 nous contacter. Nous nous ferons un plaisir de vous r\u00e9pondre dans les plus brefs d\u00e9lais.<\/p>\n<h3>Par courrier postal<\/h3>\n<p>Revue litt\u00e9raire Archipel<br \/>Universit\u00e9 de Lausanne<br \/>Facult\u00e9 des lettres \u2013 Section de fran\u00e7ais<br \/>B\u00e2timent Anthropole<br \/>1015 Lausanne \u2013 Suisse<\/p>\n<h3>Par courrier \u00e9lectronique<\/h3>\n<p>\u00c9crivez-nous \u00e0\u00a0<a href=\"mailto:comite-archipel@unil.ch\">comite-archipel@unil.ch<\/a>.<\/p>\n\n<div class=\"wp-block-image\">\n<figure class=\"alignright size-large is-resized\"><a href=\"https:\/\/www.asso-unil.ch\/archipel\/files\/2026\/02\/ded-scaled.png\"><img alt=\"ded\" loading=\"lazy\" decoding=\"async\" width=\"1024\" height=\"724\" src=\"https:\/\/www.asso-unil.ch\/archipel\/files\/2026\/02\/ded-1024x724.png\" alt=\"\" class=\"wp-image-4062\" style=\"aspect-ratio:1.4143902615752482;width:610px;height:auto\" srcset=\"https:\/\/www.asso-unil.ch\/archipel\/files\/2026\/02\/ded-1024x724.png 1024w, https:\/\/www.asso-unil.ch\/archipel\/files\/2026\/02\/ded-300x212.png 300w, https:\/\/www.asso-unil.ch\/archipel\/files\/2026\/02\/ded-768x543.png 768w, https:\/\/www.asso-unil.ch\/archipel\/files\/2026\/02\/ded-1536x1086.png 1536w, https:\/\/www.asso-unil.ch\/archipel\/files\/2026\/02\/ded-2048x1448.png 2048w, https:\/\/www.asso-unil.ch\/archipel\/files\/2026\/02\/ded-540x382.png 540w, https:\/\/www.asso-unil.ch\/archipel\/files\/2026\/02\/ded-1080x764.png 1080w, https:\/\/www.asso-unil.ch\/archipel\/files\/2026\/02\/ded-1980x1400.png 1980w\" sizes=\"auto, (max-width: 1024px) 100vw, 1024px\" \/><\/a><\/figure>\n<\/div>","protected":false},"excerpt":{"rendered":"<p>Pour toute question ou demande de renseignement, n&rsquo;h\u00e9sitez pas \u00e0 nous contacter. Nous nous ferons un plaisir de vous r\u00e9pondre dans les plus brefs d\u00e9lais. Par courrier postal&hellip;<\/p>\n","protected":false},"author":11,"featured_media":4408,"parent":0,"menu_order":3,"comment_status":"closed","ping_status":"closed","template":"template-cover.php","meta":{"_seopress_robots_primary_cat":"","_seopress_titles_title":"","_seopress_titles_desc":"","_seopress_robots_index":"","footnotes":""},"class_list":["post-10","page","type-page","status-publish","has-post-thumbnail"],"_links":{"self":[{"href":"https:\/\/www.asso-unil.ch\/archipel\/wp-json\/wp\/v2\/pages\/10","targetHints":{"allow":["GET"]}}],"collection":[{"href":"https:\/\/www.asso-unil.ch\/archipel\/wp-json\/wp\/v2\/pages"}],"about":[{"href":"https:\/\/www.asso-unil.ch\/archipel\/wp-json\/wp\/v2\/types\/page"}],"author":[{"embeddable":true,"href":"https:\/\/www.asso-unil.ch\/archipel\/wp-json\/wp\/v2\/users\/11"}],"replies":[{"embeddable":true,"href":"https:\/\/www.asso-unil.ch\/archipel\/wp-json\/wp\/v2\/comments?post=10"}],"version-history":[{"count":5,"href":"https:\/\/www.asso-unil.ch\/archipel\/wp-json\/wp\/v2\/pages\/10\/revisions"}],"predecessor-version":[{"id":4064,"href":"https:\/\/www.asso-unil.ch\/archipel\/wp-json\/wp\/v2\/pages\/10\/revisions\/4064"}],"wp:featuredmedia":[{"embeddable":true,"href":"https:\/\/www.asso-unil.ch\/archipel\/wp-json\/wp\/v2\/media\/4408"}],"wp:attachment":[{"href":"https:\/\/www.asso-unil.ch\/archipel\/wp-json\/wp\/v2\/media?parent=10"}],"curies":[{"name":"wp","href":"https:\/\/api.w.org\/{rel}","templated":true}]}}